{"id":1518,"date":"2018-01-24T10:09:55","date_gmt":"2018-01-24T10:09:55","guid":{"rendered":"http:\/\/rockwellsurfaces.com\/aviso-legal\/"},"modified":"2018-07-17T10:12:30","modified_gmt":"2018-07-17T10:12:30","slug":"avis-legal","status":"publish","type":"page","link":"https:\/\/rockwellsurfaces.com\/ca\/avis-legal\/","title":{"rendered":"Av\u00eds legal"},"content":{"rendered":"<div class=\"fusion-fullwidth fullwidth-box nonhundred-percent-fullwidth non-hundred-percent-height-scrolling\"  style='background-color: rgba(255,255,255,0);background-position: center center;background-repeat: no-repeat;padding-top:0px;padding-right:0px;padding-bottom:0px;padding-left:0px;'><div class=\"fusion-builder-row fusion-row \"><div  class=\"fusion-layout-column fusion_builder_column fusion_builder_column_1_1  fusion-one-full fusion-column-first fusion-column-last 1_1\"  style='margin-top:0px;margin-bottom:0px;'>\n\t\t\t\t\t<div class=\"fusion-column-wrapper\" style=\"padding: 0px 0px 0px 0px;background-position:left top;background-repeat:no-repeat;-webkit-background-size:cover;-moz-background-size:cover;-o-background-size:cover;background-size:cover;\"  data-bg-url=\"\">\n\t\t\t\t\t\t<div class=\"fusion-text\"><p><strong>1. OBJECTE I ACCEPTACI\u00d3<\/strong><\/p>\n<p>El present av\u00eds legal regula l&#8217;\u00fas del lloc web www.rockwellsurfaces.com, del qual \u00e9s titular ROCKWELL SURFACES.<\/p>\n<p>La navegaci\u00f3 pel lloc web de ROCKWELL SURFACES atribueix la condici\u00f3 d&#8217;usuari del mateix i implica l&#8217;acceptaci\u00f3 plena i sense reserves de totes i cadascuna de les disposicions incloses en aquest Av\u00eds Legal, que poden patir modificacions.<\/p>\n<p>L&#8217;usuari s&#8217;obliga a fer un \u00fas correcte del lloc web de conformitat amb les lleis, la bona fe, l&#8217;ordre p\u00fablic, els usos del tr\u00e0fic i el present Av\u00eds Legal. L&#8217;usuari respondr\u00e0 davant ROCKWELL SURFACES o davant de tercers, de qualssevol danys i perjudicis que poguessin causar com a conseq\u00fc\u00e8ncia de l&#8217;incompliment d&#8217;aquesta obligaci\u00f3.<\/p>\n<p><strong>2. IDENTIFICACI\u00d3 I COMUNICACIONS<\/strong><\/p>\n<p>ROCKWELL SURFACES, en compliment de la Llei 34\/2002, de 11 de juliol, de serveis de la societat de la informaci\u00f3 i de comer\u00e7 electr\u00f2nic, l&#8217;informa que:<\/p>\n<p>La seva denominaci\u00f3 comercial \u00e9s: ROCKWELL SURFACES<br \/>\nEl seu domicili est\u00e0 en: Calle Circumval\u00b7laci\u00f3 Baixa, 72. 08290 &#8211; Cerdanyola del Vall\u00e9s. Barcelona (Espa\u00f1a)<\/p>\n<p>Per comunicar-se amb nosaltres, posem a la seva disposici\u00f3 diferents mitjans de contacte que detallem a continuaci\u00f3:<\/p>\n<p>Tel: +34 93 784 63 47<br \/>\nE-mail: info@rockwellsurfaces.com<\/p>\n<p>Totes les notificacions i comunicacions entre els usuaris i ROCKWELL SURFACES es consideraran efica\u00e7os, a tots els efectes, quan es realitzin a trav\u00e9s de correu postal o qualsevol altre mitj\u00e0 dels detallats anteriorment.<\/p>\n<p><strong>3. CONDICIONS D&#8217;ACC\u00c9S I UTILITZACI\u00d3<\/strong><\/p>\n<p>El lloc web i els seus serveis s\u00f3n d&#8217;acc\u00e9s lliure i gratu\u00eft, no obstant aix\u00f2, ROCKWELL SURFACES condiciona la utilitzaci\u00f3 d&#8217;alguns dels serveis oferts a la seva web al previ ompliment del corresponent formulari.<\/p>\n<p>L&#8217;usuari garanteix l&#8217;autenticitat i actualitat de totes aquelles dades que comuniqui a ROCKWELL SURFACES i ser\u00e0 l&#8217;\u00fanic responsable de les manifestacions falses o inexactes que realitzi.<\/p>\n<p>L&#8217;usuari es compromet expressament a fer un \u00fas adequat dels continguts i serveis d&#8217;ROCKWELL SURFACES i a no emprar-los per, entre d&#8217;altres:<\/p>\n<p style=\"padding-left: 30px;\">a) Difondre continguts delictius, violents, pornogr\u00e0fics, racistes, xen\u00f2fob, ofensius, d&#8217;apologia del terrorisme o, en general, contraris a la llei oa l&#8217;ordre p\u00fablic.<\/p>\n<p style=\"padding-left: 30px;\">b) Introduir a la xarxa virus inform\u00e0tics o realitzar actuacions susceptibles d&#8217;alterar, espatllar, interrompre o generar errors o danys en els documents electr\u00f2nics, dades o sistemes f\u00edsics i l\u00f2gics de ROCKWELL SURFACES o de terceres persones; aix\u00ed com obstaculitzar l&#8217;acc\u00e9s d&#8217;altres usuaris al lloc web i als seus serveis mitjan\u00e7ant el consum massiu dels recursos inform\u00e0tics a trav\u00e9s dels quals ROCKWELL SURFACES presta els seus serveis.<\/p>\n<p style=\"padding-left: 30px;\">c) Intentar accedir als comptes de correu electr\u00f2nic d&#8217;altres usuaris oa \u00e0rees restringides dels sistemes inform\u00e0tics de ROCKWELL SURFACES o de tercers i, si s&#8217;escau, extreure informaci\u00f3.<\/p>\n<p style=\"padding-left: 30px;\">d) Vulnerar els drets de propietat intel\u00b7lectual o industrial, aix\u00ed com violar la confidencialitat de la informaci\u00f3 de ROCKWELL SURFACES o de tercers.<\/p>\n<p style=\"padding-left: 30px;\">e) Suplantar la identitat d&#8217;un altre usuari, de les administracions p\u00fabliques o d&#8217;un tercer.<\/p>\n<p style=\"padding-left: 30px;\">f) Reproduir, copiar, distribuir, posar a disposici\u00f3 de, o qualsevol altra forma de comunicaci\u00f3 p\u00fablica, transformar o modificar els continguts, llevat que es compti amb l&#8217;autoritzaci\u00f3 del titular dels corresponents drets o aix\u00f2 resulti legalment perm\u00e8s.<\/p>\n<p style=\"padding-left: 30px;\">g) Demanar dades amb finalitat publicit\u00e0ria i de remetre publicitat de qualsevol classe i comunicacions amb fins de venda o altres de naturalesa comercial sense que n&#8217;hi hagi la pr\u00e8via sol\u00b7licitud o consentiment.<\/p>\n<p>Tots els continguts del lloc web, com ara textos, fotografies, gr\u00e0fics, imatges, icones, tecnologia, programari, aix\u00ed com el seu disseny gr\u00e0fic i codis font, constitueixen una obra la propietat pertany a ROCKWELL SURFACES, sense que puguin entendre cedits a l&#8217;usuari cap els drets d&#8217;explotaci\u00f3 sobre els mateixos m\u00e9s enll\u00e0 de l&#8217;estrictament necessari per al correcte \u00fas del web.<\/p>\n<p>En definitiva, els usuaris que accedeixin a aquest lloc web poden visualitzar els continguts i efectuar, si escau, c\u00f2pies privades autoritzades sempre que els elements reprodu\u00efts no siguin cedits posteriorment a tercers, ni s&#8217;instal\u00b7lin a servidors connectats a xarxes, ni siguin objecte de cap tipus d&#8217;explotaci\u00f3.<\/p>\n<p>Aix\u00ed mateix, totes les marques, noms comercials o signes distintius de qualsevol classe que apareixen al lloc web s\u00f3n propietat de ROCKWELL SURFACES, sense que pugui entendre que l&#8217;\u00fas o acc\u00e9s al mateix atribueixi a l&#8217;usuari cap dret sobre els mateixos.<\/p>\n<p>La distribuci\u00f3, modificaci\u00f3, cessi\u00f3 o comunicaci\u00f3 p\u00fablica dels continguts i qualsevol altre acte que no hagi estat expressament autoritzat pel titular dels drets d&#8217;explotaci\u00f3 queden prohibits.<\/p>\n<p>L&#8217;establiment d&#8217;un hiperenlla\u00e7 no implica en cap cas l&#8217;exist\u00e8ncia de relacions entre ROCKWELL SURFACES i el propietari del lloc web en la qual s&#8217;estableixi, ni l&#8217;acceptaci\u00f3 i aprovaci\u00f3 per part de ROCKWELL SURFACES dels seus continguts o serveis. Aquelles persones que es proposin establir un hiperenlla\u00e7 pr\u00e8viament hauran de sol\u00b7licitar autoritzaci\u00f3 per escrit a ROCKWELL SURFACES. En tot cas, l&#8217;hiperenlla\u00e7 \u00fanicament permetr\u00e0 l&#8217;acc\u00e9s a la home-page o p\u00e0gina d&#8217;inici del nostre lloc web, aix\u00ed mateix haur\u00e0 d&#8217;abstenir-se de realitzar manifestacions o indicacions falses, inexactes o incorrectes sobre ROCKWELL SURFACES, o incloure continguts il\u00b7l\u00edcits, contraris als bons costums i l&#8217;ordre p\u00fablic.<\/p>\n<p>ROCKWELL SURFACES no es responsabilitza de l&#8217;\u00fas que cada usuari li doni als materials posats a disposici\u00f3 en aquest lloc web ni de les actuacions que realitzi en base als mateixos.<\/p>\n<p><strong>4. EXCLUSI\u00d3 DE GARANTIES I DE RESPONSABILITAT<\/strong><\/p>\n<p>El contingut del present lloc web \u00e9s de car\u00e0cter general i t\u00e9 una finalitat merament informativa, sense que es garanteixi plenament l&#8217;acc\u00e9s a tots els continguts, ni la seva exhaustivitat, correcci\u00f3, vig\u00e8ncia o actualitat, ni la seva idone\u00eftat o utilitat per a un objectiu espec\u00edfic.<\/p>\n<p>ROCKWELL SURFACES exclou, fins on permet l&#8217;ordenament jur\u00eddic, qualsevol responsabilitat pels danys i perjudicis de tota naturalesa derivats de:<\/p>\n<p style=\"padding-left: 30px;\">a) La impossibilitat d&#8217;acc\u00e9s al lloc web o la falta de veracitat, exactitud, exhaustivitat i \/ o actualitat dels continguts, aix\u00ed com l&#8217;exist\u00e8ncia de vicis i defectes de tota classe dels continguts transmesos, difosos, emmagatzemats, posats a disposici\u00f3, als quals s&#8217;hagi accedit a trav\u00e9s del lloc web o dels serveis que s&#8217;ofereixen.<\/p>\n<p style=\"padding-left: 30px;\">b) La pres\u00e8ncia de virus o d&#8217;altres elements en els continguts que puguin produir alteracions en els sistemes inform\u00e0tics, documents electr\u00f2nics o dades dels usuaris.<\/p>\n<p style=\"padding-left: 30px;\">c) L&#8217;incompliment de les lleis, la bona fe, l&#8217;ordre p\u00fablic, els usos del tr\u00e0fic i el present av\u00eds legal com a conseq\u00fc\u00e8ncia de l&#8217;\u00fas incorrecte del lloc web. En particular, ia manera d&#8217;exemple, ROCKWELL SURFACES no es fa responsable de les actuacions de tercers que vulnerin drets de propietat intel\u00b7lectual i industrial, secrets empresarials, drets a l&#8217;honor, a la intimitat personal i familiar ia la pr\u00f2pia imatge, aix\u00ed com la normativa en mat\u00e8ria de compet\u00e8ncia deslleial i publicitat il\u00b7l\u00edcita.<\/p>\n<p>Aix\u00ed mateix, ROCKWELL SURFACES declina qualsevol responsabilitat respecte a la informaci\u00f3 que es trobi fora d&#8217;aquesta web i no sigui gestionada directament pel nostre webmaster. La funci\u00f3 dels links que apareixen en aquesta web \u00e9s exclusivament la d&#8217;informar l&#8217;usuari sobre l&#8217;exist\u00e8ncia d&#8217;altres fonts susceptibles d&#8217;ampliar els continguts que ofereix aquest lloc web. ROCKWELL SURFACES no garanteix ni es responsabilitza del funcionament o accessibilitat dels llocs enlla\u00e7ats; ni suggereix, convida o recomana la visita als mateixos, de manera que tampoc ser\u00e0 responsable del resultat obtingut. ROCKWELL SURFACES no es responsabilitza de l&#8217;establiment d&#8217;hipervincles per part de tercers.<\/p>\n<p><strong>5. POL\u00cdTICA DE PRIVACITAT<\/strong><\/p>\n<p><strong>5.1. Qui \u00e9s el responsable de tractament de les seves dades?<\/strong><\/p>\n<p>El responsable de tractament es troba identificat en l&#8217;expositiu 2 d&#8217;aquest Av\u00eds Legal.<\/p>\n<p>Quin tipus de dades tenim sobre la seva persona i com els hem obtingut<\/p>\n<p>Les categories de dades personals que tractem de clients i prove\u00efdors s\u00f3n:<\/p>\n<ol>\n<li>Dades d&#8217;identificaci\u00f3<\/li>\n<li>Adreces postals o electr\u00f2niques<\/li>\n<li>Informaci\u00f3 comercial<\/li>\n<li>Dades econ\u00f2miques i de transaccions<\/li>\n<\/ol>\n<p><strong>5.2. En cap cas tractem dades especialment protegides?<\/strong><\/p>\n<p>Totes les dades esmentats els hem obtingut o directament de Vost\u00e8 mitjan\u00e7ant la presentaci\u00f3 d&#8217;una oferta comercial, proposta contractual, etc. o mitjan\u00e7ant la seva empresa al facilitar-nos les dades d&#8217;identificaci\u00f3 i altra informaci\u00f3 necess\u00e0ria per dur a terme l&#8217;objecte de la relaci\u00f3 contractual entre les parts. Ser\u00e0 una obligaci\u00f3 seva o de la seva empresa facilitar-nos les dades actualitzades en cas de modificaci\u00f3.<\/p>\n<p><strong>5.3. Amb quina finalitat tractem les seves dades?<\/strong><\/p>\n<p>Tractem les dades que ens faciliten les persones interessades per tal de gestionar diferents activitats derivades de procediments espec\u00edfics realitzats en mat\u00e8ria de vendes, servei post venda, gesti\u00f3 de prove\u00efdors, qualitat de serveis, etc. D&#8217;aquesta manera, utilitzarem les seves dades per dur a terme alguna de les accions seg\u00fcents:<\/p>\n<ol>\n<li>Enviament de la informaci\u00f3 que ens sol\u00b7licitin mitjan\u00e7ant el formulari de contacte de la nostra p\u00e0gina web o qualsevol altre mitj\u00e0 de contacte amb la nostra empresa,<\/li>\n<li>Facilitar tant als clients potencials com als nostres clients, ofertes de productes i serveis del seu inter\u00e8s,<\/li>\n<li>Dur a terme la gesti\u00f3 administrativa, fiscal i comptable dels nostres clients i \/ o prove\u00efdors,<\/li>\n<li>Dur a terme enquestes de satisfacci\u00f3, estudis de mercat, etc. per tal de poder oferir-li les ofertes m\u00e9s adequades i una qualitat optimitzada de servei, etc.<\/li>\n<\/ol>\n<p><strong>5.4. Per quant de temps conservarem les seves dades?<\/strong><\/p>\n<p>Les dades personals relatives a persones f\u00edsiques vinculades a clients potencials, clients i prove\u00efdors que recopilem mitjan\u00e7ant els diferents formularis de contacte i \/ o recollida d&#8217;informaci\u00f3 es conservaran mentre no se sol\u00b7liciti la seva supressi\u00f3 per l&#8217;interessat. Les dades proporcionades pels nostres clients i prove\u00efdors es conservaran mentre es mantingui la relaci\u00f3 mercantil entre les parts respectant en qualsevol cas els terminis m\u00ednims legals de conservaci\u00f3 segons la mat\u00e8ria.<\/p>\n<p>En qualsevol cas, guardarem les seves dades personals durant el per\u00edode de temps que sigui raonablement necessari tenint en compte les nostres necessitats de donar resposta a q\u00fcestions que es plantegin o resoldre problemes, realitzar millores, activar nous serveis i complir els requisits que exigeixi la legislaci\u00f3 aplicable. Aix\u00f2 vol dir que podem conservar les teves dades personals durant un per\u00edode de temps raonable fins i tot despr\u00e9s que hagi deixat d&#8217;utilitzar els nostres productes o que hagi deixat de fer servir aquesta p\u00e0gina web. Despr\u00e9s d&#8217;aquest per\u00edode, les seves dades personals seran eliminats de tots els nostres sistemes.<\/p>\n<p><strong>5.5. Quina \u00e9s la base de legitimaci\u00f3 per al tractament de les seves dades?<\/strong><\/p>\n<p>Segons tipus de tractament de dades la base de legitimaci\u00f3 \u00e9s la seg\u00fcent<\/p>\n<table>\n<tbody>\n<tr>\n<td width=\"296\"><strong>TRACTAMENT<\/strong><\/td>\n<td width=\"296\"><strong>BASE DE LEGITIMACI\u00d3<\/strong><\/td>\n<\/tr>\n<tr>\n<td width=\"296\"><strong>Gesti\u00f3 Comptable<\/strong>: gesti\u00f3 de facturaci\u00f3 amb clients i \/ o prove\u00efdors<\/td>\n<td width=\"296\">Manteniment, desenvolupament i control de la relaci\u00f3 contractual entre les parts<\/td>\n<\/tr>\n<tr>\n<td width=\"296\"><strong>Gesti\u00f3 fiscal<\/strong>: aplicaci\u00f3 de retencions, bonificacions, etc.<\/td>\n<td width=\"296\">Manteniment, desenvolupament i control de la relaci\u00f3 contractual entre les parts; Compliment obligacions legals<\/td>\n<\/tr>\n<tr>\n<td width=\"296\"><strong>Gesti\u00f3 administrativa<\/strong>: gesti\u00f3 de log\u00edstica, magatzem, lliuraments al client, recepci\u00f3 de mercaderies, etc.<\/td>\n<td width=\"296\">Manteniment, desenvolupament i control de la relaci\u00f3 contractual entre les parts<\/td>\n<\/tr>\n<tr>\n<td width=\"296\"><strong>M\u00e0rqueting<\/strong>: Accions comercials sobre els nostres productes o serveis dirigides als nostres clients o aquelles persones que ens han sol\u00b7licitat informaci\u00f3 relativa al passat incloent-hi la realitzaci\u00f3 d&#8217;enquestes de satisfacci\u00f3 als nostres clients.<\/td>\n<td width=\"296\">Consentiment lliure i inequ\u00edvoc del propi interessat (clients potencials), li fem constar que la retirada d&#8217;aquest consentiment en cap cas pot condicionar l&#8217;execuci\u00f3 del contracte que hagu\u00e9s entre les parts; inter\u00e8s leg\u00edtim de la companyia sobre la promoci\u00f3 i comercialitzaci\u00f3 de productes o serveis similars als obtinguts o sol\u00b7licitats per les persones interessades en el passat.<\/td>\n<\/tr>\n<\/tbody>\n<\/table>\n<p>En el cas que no faciliti les seves dades de car\u00e0cter personal no es podr\u00e0 executar el seu contracte, complir les obligacions legals o derivades dels poders p\u00fablics.<\/p>\n<p><strong>5.6. A qu\u00e8 destinataris es comunicaran les seves dades?<\/strong><\/p>\n<p>No cedirem les seves dades personals a cap empresa tercera que pretengui utilitzar-los en les seves accions de m\u00e0rqueting directe, excepte en el cas que ens hagi autoritzat expressament.<\/p>\n<p>L&#8217;informem que podem facilitar les seves dades personals a organismes de l&#8217;Administraci\u00f3 P\u00fablica i autoritats competents en aquells casos en qu\u00e8 ens requereixin legalment o en els casos en qu\u00e8, actuant de bona fe, considerem que tal acci\u00f3 \u00e9s raonablement necess\u00e0ria per complir amb un proc\u00e9s judicial ; per contestar qualsevol reclamaci\u00f3 o demanda jur\u00eddica; o per protegir els drets de l&#8217;empresa o els seus clients i el p\u00fablic en general.<\/p>\n<p>L&#8217;informem que les seves dades no seran cedits o comunicats a tercers l&#8217;empresa l&#8217;\u00fanica responsable per al seu tractament i cust\u00f2dia.<\/p>\n<p>S\u00ed proporcionarem les seves dades personals a terceres persones (Ex. Prove\u00efdors de serveis d&#8217;Internet que ens ajuden a administrar la nostra p\u00e0gina web o dur a terme els serveis contractats, empreses de suport i manteniment inform\u00e0tic, empreses de log\u00edstica, gestories i assessorament fiscal i comptable, etc.). En qualsevol cas, aquestes terceres persones han de mantenir, en tot moment, els mateixos nivells de seguretat que nosaltres en relaci\u00f3 a les seves dades personals i, quan sigui necessari, estaran vinculades per compromisos legals per tal de guardar les seves dades personals de forma privada i segura , i tamb\u00e9 per utilitzar \u00fanicament la informaci\u00f3 seguint instruccions espec\u00edfiques de l&#8217;empresa.<\/p>\n<p><strong>5.7. \u00bfTransfer\u00e8ncies de dades a tercers pa\u00efsos?<\/strong><\/p>\n<p>No estan previstes transfer\u00e8ncies de dades a tercers pa\u00efsos.<\/p>\n<p><strong>5.8. Quins s\u00f3n els seus drets com a interessat?<\/strong><\/p>\n<p>Qualsevol persona t\u00e9 dret a obtenir confirmaci\u00f3 sobre si estem tractant dades personals que li concerneixin, o no.<\/p>\n<p>En concret, les persones interessades poden sol\u00b7licitar el dret d&#8217;acc\u00e9s a les seves dades personals, aix\u00ed com rebre&#8217;ls en un format com\u00fa i lectura mecanitzada si el tractament s&#8217;efectua per mitjans electr\u00f2nics (dret de portabilitat).<\/p>\n<p>Aix\u00ed mateix, les persones interessades poden sol\u00b7licitar el dret de rectificaci\u00f3 de les dades inexactes o, si escau, sol\u00b7licitar la seva supressi\u00f3 quan, entre d&#8217;altres motius, les dades ja no siguin necessaris per als fins que van ser recollides.<\/p>\n<p>Complement\u00e0riament, en determinades circumst\u00e0ncies, els interessats podran sol\u00b7licitar la limitaci\u00f3 del tractament de les seves dades, o en determinades circumst\u00e0ncies i per motius relacionats amb la seva situaci\u00f3 particular, els interessats podran exercitar el seu dret a oposar-se al tractament de les seves dades. Deixarem de tractar les dades, excepte per motius leg\u00edtims imperiosos, o l&#8217;exercici o la defensa de possibles reclamacions o en aquelles excepcions establertes en la normativa aplicable.<\/p>\n<p>Aix\u00ed mateix, l&#8217;informem que t\u00e9 dret a retirar les seves consentiments atorgats en qualsevol moment, sense que aix\u00f2 afecti la licitud del tractament basat en el consentiment previ a la seva retirada.<\/p>\n<p>Aix\u00ed mateix s&#8217;informa a l&#8217;Usuari que en qualsevol moment pot exercir els esmentats drets dirigint-se per escrit a nosaltres utilitzant les dades de contacte que apareixen a l&#8217;Expositiu 1 del present Av\u00eds Legal, adjuntant c\u00f2pia del seu DNI.<\/p>\n<p>Vost\u00e8 tamb\u00e9 tindr\u00e0 el dret a presentar una reclamaci\u00f3 davant l&#8217;Ag\u00e8ncia Espanyola de Protecci\u00f3 de dades, especialment quan no hagi obtingut satisfacci\u00f3 en l&#8217;exercici dels seus drets.<\/p>\n<p><a href=\"http:\/\/www.agpd.es\/portalwebAGPD\/index-ides-idphp.php\">http:\/\/www.agpd.es\/portalwebAGPD\/index-ides-idphp.php<\/a><\/p>\n<p>D&#8217;altra banda, d&#8217;acord amb el que disposa la Llei 34\/2002, de 11 de Juliol, de Serveis de la Societat d&#8217;Informaci\u00f3 i de Comer\u00e7 Electr\u00f2nic, ens comprometem a no enviar publicitat a trav\u00e9s del correu electr\u00f2nic sense haver demanat abans l&#8217;expressa autoritzaci\u00f3 del destinatari. L&#8217;Usuari podr\u00e0 oposar-se a l&#8217;enviament de publicitat marcant la casella corresponent.<\/p>\n<p><strong>6. PROCEDIMENT EN CAS DE REALITZACI\u00d3 D&#8217;ACTIVITATS DE CAR\u00c0CTER IL\u00b7L\u00cdCIT<\/strong><\/p>\n<p>En el cas que qualsevol usuari o un tercer consideri que existeixen fets o circumst\u00e0ncies que revelin el car\u00e0cter il\u00b7l\u00edcit de la utilitzaci\u00f3 de qualsevol contingut i \/ o de la realitzaci\u00f3 de qualsevol activitat en les p\u00e0gines web incloses o accessibles a trav\u00e9s del lloc web, haur\u00e0 enviar una notificaci\u00f3 a ROCKWELL SURFACES identificant-se degudament, especificant les suposades infraccions i declarant expressament i sota la seva responsabilitat que la informaci\u00f3 proporcionada en la notificaci\u00f3 \u00e9s exacta.<\/p>\n<p>Per a tota q\u00fcesti\u00f3 litigiosa que incumbeixi al lloc web de ROCKWELL SURFACES, ser\u00e0 d&#8217;aplicaci\u00f3 la legislaci\u00f3 espanyola.<\/p>\n<p><strong>7. PUBLICACIONS<\/strong><\/p>\n<p>La informaci\u00f3 administrativa facilitada a trav\u00e9s del lloc web no substitueix la publicitat legal de les lleis, normatives, plans, disposicions generals i actes que hagin de ser publicats formalment als diaris oficials de les administracions p\u00fabliques, que constitueixen l&#8217;\u00fanic instrument que d\u00f3na fe de la seva autenticitat i contingut. La informaci\u00f3 disponible en aquest lloc web s&#8217;ha d&#8217;entendre com una guia sense prop\u00f2sit de validesa legal.<\/p>\n<\/div><div class=\"fusion-clearfix\"><\/div>\n\n\t\t\t\t\t<\/div>\n\t\t\t\t<\/div><\/div><\/div>\n","protected":false},"excerpt":{"rendered":"","protected":false},"author":4,"featured_media":0,"parent":0,"menu_order":0,"comment_status":"closed","ping_status":"closed","template":"100-width.php","meta":{"footnotes":""},"class_list":["post-1518","page","type-page","status-publish","hentry"],"_links":{"self":[{"href":"https:\/\/rockwellsurfaces.com\/ca\/wp-json\/wp\/v2\/pages\/1518","targetHints":{"allow":["GET"]}}],"collection":[{"href":"https:\/\/rockwellsurfaces.com\/ca\/wp-json\/wp\/v2\/pages"}],"about":[{"href":"https:\/\/rockwellsurfaces.com\/ca\/wp-json\/wp\/v2\/types\/page"}],"author":[{"embeddable":true,"href":"https:\/\/rockwellsurfaces.com\/ca\/wp-json\/wp\/v2\/users\/4"}],"replies":[{"embeddable":true,"href":"https:\/\/rockwellsurfaces.com\/ca\/wp-json\/wp\/v2\/comments?post=1518"}],"version-history":[{"count":8,"href":"https:\/\/rockwellsurfaces.com\/ca\/wp-json\/wp\/v2\/pages\/1518\/revisions"}],"predecessor-version":[{"id":1985,"href":"https:\/\/rockwellsurfaces.com\/ca\/wp-json\/wp\/v2\/pages\/1518\/revisions\/1985"}],"wp:attachment":[{"href":"https:\/\/rockwellsurfaces.com\/ca\/wp-json\/wp\/v2\/media?parent=1518"}],"curies":[{"name":"wp","href":"https:\/\/api.w.org\/{rel}","templated":true}]}}