{"id":1522,"date":"2018-01-16T14:35:45","date_gmt":"2018-01-16T14:35:45","guid":{"rendered":"http:\/\/rockwellsurfaces.com\/noticias\/"},"modified":"2018-02-15T14:09:54","modified_gmt":"2018-02-15T14:09:54","slug":"noticies","status":"publish","type":"page","link":"https:\/\/rockwellsurfaces.com\/ca\/noticies\/","title":{"rendered":"Not\u00edcies"},"content":{"rendered":"<div class=\"fusion-fullwidth fullwidth-box nonhundred-percent-fullwidth non-hundred-percent-height-scrolling\"  style='background-color: #f0f0ed;background-position: left top;background-repeat: no-repeat;padding-top:80px;padding-right:0px;padding-bottom:60px;padding-left:0px;border-top-width:0px;border-bottom-width:0px;border-color:#eae9e9;border-top-style:solid;border-bottom-style:solid;'><div class=\"fusion-builder-row fusion-row \"><div  class=\"fusion-layout-column fusion_builder_column fusion_builder_column_1_1  fusion-one-full fusion-column-first fusion-column-last fusion-column-no-min-height 1_1\"  style='margin-top:0px;margin-bottom:0px;'>\n\t\t\t\t\t<div class=\"fusion-column-wrapper\" style=\"padding: 0px 0px 0px 0px;background-position:left top;background-repeat:no-repeat;-webkit-background-size:cover;-moz-background-size:cover;-o-background-size:cover;background-size:cover;\"  data-bg-url=\"\">\n\t\t\t\t\t\t<div class=\"fusion-blog-shortcode fusion-blog-shortcode-1 fusion-blog-archive fusion-blog-layout-grid-wrapper fusion-blog-infinite\"><style type=\"text\/css\">.fusion-blog-shortcode-1 .fusion-blog-layout-grid .fusion-post-grid{padding:20.5px;}.fusion-blog-shortcode-1 .fusion-posts-container{margin-left: -20.5px !important; margin-right:-20.5px !important;}<\/style><div class=\"fusion-posts-container fusion-posts-container-infinite fusion-posts-container-load-more fusion-blog-rollover fusion-blog-layout-grid fusion-blog-layout-grid-3 isotope\" data-pages=\"1\" data-grid-col-space=\"41\" style=\"margin: -20.5px -20.5px 0;min-height:500px;\"><article id=\"blog-1-post-1877\" class=\"fusion-post-grid post-1877 post type-post status-publish format-standard has-post-thumbnail hentry category-reformes category-solid-surface-ca tag-decoracio tag-reformes tag-solid-surface-ca\">\n<div class=\"fusion-post-wrapper\" style=\"background-color:rgba(255,255,255,1);border:1px solid #f5f5f5;border-bottom-width:3px;\">\n\n\t\t\t<div class=\"fusion-flexslider flexslider fusion-flexslider-loading fusion-post-slideshow\" style=&quot;border-color:#f5f5f5&quot;>\n\t\t<ul class=\"slides\">\n\t\t\t\n\t\t\t\t\t\t\t\t\t\t\t\t\t\t\t\t\t\t<li>\n\n<div  class=\"fusion-image-wrapper\" aria-haspopup=\"true\">\n\t\n\t\n\t\t\n\t\t\t\t\t<img loading=\"lazy\" decoding=\"async\" width=\"1200\" height=\"900\" src=\"https:\/\/rockwellsurfaces.com\/wp-content\/uploads\/2015\/12\/porque-elegir-solid-surface03-400x300.png\" class=\"attachment-full size-full wp-post-image\" alt=\"\" srcset=\"https:\/\/rockwellsurfaces.com\/wp-content\/uploads\/2015\/12\/porque-elegir-solid-surface03-200x150.png 200w, https:\/\/rockwellsurfaces.com\/wp-content\/uploads\/2015\/12\/porque-elegir-solid-surface03-400x300.png 400w, https:\/\/rockwellsurfaces.com\/wp-content\/uploads\/2015\/12\/porque-elegir-solid-surface03-600x450.png 600w, https:\/\/rockwellsurfaces.com\/wp-content\/uploads\/2015\/12\/porque-elegir-solid-surface03-800x600.png 800w, https:\/\/rockwellsurfaces.com\/wp-content\/uploads\/2015\/12\/porque-elegir-solid-surface03.png 1200w\" sizes=\"auto, (min-width: 2200px) 100vw, (min-width: 824px) 363px, (min-width: 732px) 544px, (min-width: 640px) 732px, \" \/>\n\t\n\n\t\t<div class=\"fusion-rollover\">\n\t<div class=\"fusion-rollover-content\">\n\n\t\t\t\t\t\t\t\t\t\t\t\t\t\t<a class=\"fusion-rollover-link\" href=\"https:\/\/rockwellsurfaces.com\/ca\/idees-i-consells-per-a-reformar-en-solid-surface\/\">Idees i consells per a reformar en Solid Surface<\/a>\n\t\t\t\n\t\t\t\t\t\t\t\t\t\t\t\t\t\t\n\t\t\t\t\t\t\t\t\n\t\t\t\t\t\t\t\t\t\t\t\t\t<div class=\"fusion-rollover-sep\"><\/div>\n\t\t\t\t\n\t\t\t\t\t\t\t\t\t\t\t\t\t\t\t\t\t\t<a class=\"fusion-rollover-gallery\" href=\"https:\/\/rockwellsurfaces.com\/wp-content\/uploads\/2015\/12\/porque-elegir-solid-surface03.png\" data-id=\"1877\" data-rel=\"iLightbox[gallery]\" data-title=\"porque-elegir-solid-surface03\" data-caption=\"\">\n\t\t\t\t\t\tGallery\t\t\t\t\t<\/a>\n\t\t\t\t\t\t\t\t\t\t\t\t\t\t\n\t\t\t\t\n\t\t\t\t\t\t\t\t\t\t\t\t<h4 class=\"fusion-rollover-title\">\n\t\t\t\t\t<a href=\"https:\/\/rockwellsurfaces.com\/ca\/idees-i-consells-per-a-reformar-en-solid-surface\/\">\n\t\t\t\t\t\tIdees i consells per a reformar en Solid Surface\t\t\t\t\t<\/a>\n\t\t\t\t<\/h4>\n\t\t\t\n\t\t\t\t\t\t\t\t\t\t\t\t\t\t<div class=\"fusion-rollover-categories\"><a href=\"https:\/\/rockwellsurfaces.com\/ca\/category\/reformes\/\" rel=\"tag\">Reformes<\/a>, <a href=\"https:\/\/rockwellsurfaces.com\/ca\/category\/solid-surface-ca\/\" rel=\"tag\">Solid Surface<\/a><\/div>\t\t\t\t\t\n\t\t\n\t\t\t\t<a class=\"fusion-link-wrapper\" href=\"https:\/\/rockwellsurfaces.com\/ca\/idees-i-consells-per-a-reformar-en-solid-surface\/\" aria-label=\"Idees i consells per a reformar en Solid Surface\"><\/a>\n\t<\/div>\n<\/div>\n\n\t\n<\/div>\n<\/li>\n\t\t\t\n\t\t\t\n\t\t\t\t\t\t\t\t\t\t\t\t\t\t\t\t\t\t\t\t\t\t\t\t\t\t\t\t\t\t\t\t\t\t\t\t\t\t\t\t\t\t\t\t\t\t\t\t\t\t\t\t\t\t\t\t\t\t\t\t\t\t\t\t\t\t\t\t<\/ul>\n\t<\/div>\n<div class=\"fusion-post-content-wrapper\" style=\"padding:30px 25px 20px 25px;\"><div class=\"fusion-post-content post-content\"><h2 class=\"blog-shortcode-post-title entry-title\"><a href=\"https:\/\/rockwellsurfaces.com\/ca\/idees-i-consells-per-a-reformar-en-solid-surface\/\">Idees i consells per a reformar en Solid Surface<\/a><\/h2><div class=\"fusion-content-sep sep-single sep-solid\" style=\"border-color:#eae8e8;\"><\/div><div class=\"fusion-post-content-container\"><p>Has de saber que el Solid Surface pot donar-te tot all\u00f2 que est\u00e0s buscant, tant<\/p><\/div><\/div><div class=\"fusion-meta-info\"><div class=\"fusion-alignleft\"><a class=\"fusion-read-more\" href=\"https:\/\/rockwellsurfaces.com\/ca\/idees-i-consells-per-a-reformar-en-solid-surface\/\">Continua llegint<\/a><\/div><\/div><\/div><div class=\"fusion-clearfix\"><\/div><\/div>\n<\/article>\n<article id=\"blog-1-post-1875\" class=\"fusion-post-grid post-1875 post type-post status-publish format-standard has-post-thumbnail hentry category-solid-surface-ca tag-disseny tag-materials tag-resistencia-ca tag-solid-surface-acrilic\">\n<div class=\"fusion-post-wrapper\" style=\"background-color:rgba(255,255,255,1);border:1px solid #f5f5f5;border-bottom-width:3px;\">\n\n\t\t\t<div class=\"fusion-flexslider flexslider fusion-flexslider-loading fusion-post-slideshow\" style=&quot;border-color:#f5f5f5&quot;>\n\t\t<ul class=\"slides\">\n\t\t\t\n\t\t\t\t\t\t\t\t\t\t\t\t\t\t\t\t\t\t<li>\n\n<div  class=\"fusion-image-wrapper\" aria-haspopup=\"true\">\n\t\n\t\n\t\t\n\t\t\t\t\t<img loading=\"lazy\" decoding=\"async\" width=\"2592\" height=\"1944\" src=\"https:\/\/rockwellsurfaces.com\/wp-content\/uploads\/2018\/01\/foto-noticia-el-diseno-400x300.jpg\" class=\"attachment-full size-full wp-post-image\" alt=\"\" srcset=\"https:\/\/rockwellsurfaces.com\/wp-content\/uploads\/2018\/01\/foto-noticia-el-diseno-200x150.jpg 200w, https:\/\/rockwellsurfaces.com\/wp-content\/uploads\/2018\/01\/foto-noticia-el-diseno-400x300.jpg 400w, https:\/\/rockwellsurfaces.com\/wp-content\/uploads\/2018\/01\/foto-noticia-el-diseno-600x450.jpg 600w, https:\/\/rockwellsurfaces.com\/wp-content\/uploads\/2018\/01\/foto-noticia-el-diseno-800x600.jpg 800w, https:\/\/rockwellsurfaces.com\/wp-content\/uploads\/2018\/01\/foto-noticia-el-diseno-1200x900.jpg 1200w, https:\/\/rockwellsurfaces.com\/wp-content\/uploads\/2018\/01\/foto-noticia-el-diseno.jpg 2592w\" sizes=\"auto, (min-width: 2200px) 100vw, (min-width: 824px) 363px, (min-width: 732px) 544px, (min-width: 640px) 732px, \" \/>\n\t\n\n\t\t<div class=\"fusion-rollover\">\n\t<div class=\"fusion-rollover-content\">\n\n\t\t\t\t\t\t\t\t\t\t\t\t\t\t<a class=\"fusion-rollover-link\" href=\"https:\/\/rockwellsurfaces.com\/ca\/el-disseny-en-solid-surface-acrilic\/\">El disseny en Solid Surface Acr\u00edlic<\/a>\n\t\t\t\n\t\t\t\t\t\t\t\t\t\t\t\t\t\t\n\t\t\t\t\t\t\t\t\n\t\t\t\t\t\t\t\t\t\t\t\t\t<div class=\"fusion-rollover-sep\"><\/div>\n\t\t\t\t\n\t\t\t\t\t\t\t\t\t\t\t\t\t\t\t\t\t\t<a class=\"fusion-rollover-gallery\" href=\"https:\/\/rockwellsurfaces.com\/wp-content\/uploads\/2018\/01\/foto-noticia-el-diseno.jpg\" data-id=\"1875\" data-rel=\"iLightbox[gallery]\" data-title=\"foto-noticia-el-diseno\" data-caption=\"\">\n\t\t\t\t\t\tGallery\t\t\t\t\t<\/a>\n\t\t\t\t\t\t\t\t\t\t\t\t\t\t\n\t\t\t\t\n\t\t\t\t\t\t\t\t\t\t\t\t<h4 class=\"fusion-rollover-title\">\n\t\t\t\t\t<a href=\"https:\/\/rockwellsurfaces.com\/ca\/el-disseny-en-solid-surface-acrilic\/\">\n\t\t\t\t\t\tEl disseny en Solid Surface Acr\u00edlic\t\t\t\t\t<\/a>\n\t\t\t\t<\/h4>\n\t\t\t\n\t\t\t\t\t\t\t\t\t\t\t\t\t\t<div class=\"fusion-rollover-categories\"><a href=\"https:\/\/rockwellsurfaces.com\/ca\/category\/solid-surface-ca\/\" rel=\"tag\">Solid Surface<\/a><\/div>\t\t\t\t\t\n\t\t\n\t\t\t\t<a class=\"fusion-link-wrapper\" href=\"https:\/\/rockwellsurfaces.com\/ca\/el-disseny-en-solid-surface-acrilic\/\" aria-label=\"El disseny en Solid Surface Acr\u00edlic\"><\/a>\n\t<\/div>\n<\/div>\n\n\t\n<\/div>\n<\/li>\n\t\t\t\n\t\t\t\n\t\t\t\t\t\t\t\t\t\t\t\t\t\t\t\t\t\t\t\t\t\t\t\t\t\t\t\t\t\t\t\t\t\t\t\t\t\t\t\t\t\t\t\t\t\t\t\t\t\t\t\t\t\t\t\t\t\t\t\t\t\t\t\t\t\t\t\t<\/ul>\n\t<\/div>\n<div class=\"fusion-post-content-wrapper\" style=\"padding:30px 25px 20px 25px;\"><div class=\"fusion-post-content post-content\"><h2 class=\"blog-shortcode-post-title entry-title\"><a href=\"https:\/\/rockwellsurfaces.com\/ca\/el-disseny-en-solid-surface-acrilic\/\">El disseny en Solid Surface Acr\u00edlic<\/a><\/h2><div class=\"fusion-content-sep sep-single sep-solid\" style=\"border-color:#eae8e8;\"><\/div><div class=\"fusion-post-content-container\"><p>El Solid Surface acr\u00edlic \u00e9s un material que est\u00e0 oferint una infinitat de possibilitats en<\/p><\/div><\/div><div class=\"fusion-meta-info\"><div class=\"fusion-alignleft\"><a class=\"fusion-read-more\" href=\"https:\/\/rockwellsurfaces.com\/ca\/el-disseny-en-solid-surface-acrilic\/\">Continua llegint<\/a><\/div><\/div><\/div><div class=\"fusion-clearfix\"><\/div><\/div>\n<\/article>\n<article id=\"blog-1-post-1546\" class=\"fusion-post-grid post-1546 post type-post status-publish format-standard has-post-thumbnail hentry category-solid-surface-ca tag-antibacteria tag-cuina tag-reforma-ca tag-solid-surface-ca\">\n<div class=\"fusion-post-wrapper\" style=\"background-color:rgba(255,255,255,1);border:1px solid #f5f5f5;border-bottom-width:3px;\">\n\n\t\t\t<div class=\"fusion-flexslider flexslider fusion-flexslider-loading fusion-post-slideshow\" style=&quot;border-color:#f5f5f5&quot;>\n\t\t<ul class=\"slides\">\n\t\t\t\n\t\t\t\t\t\t\t\t\t\t\t\t\t\t\t\t\t\t<li>\n\n<div  class=\"fusion-image-wrapper\" aria-haspopup=\"true\">\n\t\n\t\n\t\t\n\t\t\t\t\t<img loading=\"lazy\" decoding=\"async\" width=\"1200\" height=\"900\" src=\"https:\/\/rockwellsurfaces.com\/wp-content\/uploads\/2017\/12\/bano-400x300.jpg\" class=\"attachment-full size-full wp-post-image\" alt=\"Por qu\u00e9 elegir Solid Surface\" srcset=\"https:\/\/rockwellsurfaces.com\/wp-content\/uploads\/2017\/12\/bano-200x150.jpg 200w, https:\/\/rockwellsurfaces.com\/wp-content\/uploads\/2017\/12\/bano-400x300.jpg 400w, https:\/\/rockwellsurfaces.com\/wp-content\/uploads\/2017\/12\/bano-600x450.jpg 600w, https:\/\/rockwellsurfaces.com\/wp-content\/uploads\/2017\/12\/bano-800x600.jpg 800w, https:\/\/rockwellsurfaces.com\/wp-content\/uploads\/2017\/12\/bano.jpg 1200w\" sizes=\"auto, (min-width: 2200px) 100vw, (min-width: 824px) 363px, (min-width: 732px) 544px, (min-width: 640px) 732px, \" \/>\n\t\n\n\t\t<div class=\"fusion-rollover\">\n\t<div class=\"fusion-rollover-content\">\n\n\t\t\t\t\t\t\t\t\t\t\t\t\t\t<a class=\"fusion-rollover-link\" href=\"https:\/\/rockwellsurfaces.com\/ca\/per-que-escollir-solid-surface\/\">Per qu\u00e8 escollir Solid Surface?<\/a>\n\t\t\t\n\t\t\t\t\t\t\t\t\t\t\t\t\t\t\n\t\t\t\t\t\t\t\t\n\t\t\t\t\t\t\t\t\t\t\t\t\t<div class=\"fusion-rollover-sep\"><\/div>\n\t\t\t\t\n\t\t\t\t\t\t\t\t\t\t\t\t\t\t\t\t\t\t<a class=\"fusion-rollover-gallery\" href=\"https:\/\/rockwellsurfaces.com\/wp-content\/uploads\/2017\/12\/bano.jpg\" data-id=\"1546\" data-rel=\"iLightbox[gallery]\" data-title=\"Por qu\u00e9 elegir Solid Surface\" data-caption=\"\">\n\t\t\t\t\t\tGallery\t\t\t\t\t<\/a>\n\t\t\t\t\t\t\t\t\t\t\t\t\t\t\n\t\t\t\t\n\t\t\t\t\t\t\t\t\t\t\t\t<h4 class=\"fusion-rollover-title\">\n\t\t\t\t\t<a href=\"https:\/\/rockwellsurfaces.com\/ca\/per-que-escollir-solid-surface\/\">\n\t\t\t\t\t\tPer qu\u00e8 escollir Solid Surface?\t\t\t\t\t<\/a>\n\t\t\t\t<\/h4>\n\t\t\t\n\t\t\t\t\t\t\t\t\t\t\t\t\t\t<div class=\"fusion-rollover-categories\"><a href=\"https:\/\/rockwellsurfaces.com\/ca\/category\/solid-surface-ca\/\" rel=\"tag\">Solid Surface<\/a><\/div>\t\t\t\t\t\n\t\t\n\t\t\t\t<a class=\"fusion-link-wrapper\" href=\"https:\/\/rockwellsurfaces.com\/ca\/per-que-escollir-solid-surface\/\" aria-label=\"Per qu\u00e8 escollir Solid Surface?\"><\/a>\n\t<\/div>\n<\/div>\n\n\t\n<\/div>\n<\/li>\n\t\t\t\n\t\t\t\n\t\t\t\t\t\t\t\t\t\t\t\t\t\t\t\t\t\t\t\t\t\t\t\t\t\t\t\t\t\t\t\t\t\t\t\t\t\t\t\t\t\t\t\t\t\t\t\t\t\t\t\t\t\t\t\t\t\t\t\t\t\t\t\t\t\t\t\t<\/ul>\n\t<\/div>\n<div class=\"fusion-post-content-wrapper\" style=\"padding:30px 25px 20px 25px;\"><div class=\"fusion-post-content post-content\"><h2 class=\"blog-shortcode-post-title entry-title\"><a href=\"https:\/\/rockwellsurfaces.com\/ca\/per-que-escollir-solid-surface\/\">Per qu\u00e8 escollir Solid Surface?<\/a><\/h2><div class=\"fusion-content-sep sep-single sep-solid\" style=\"border-color:#eae8e8;\"><\/div><div class=\"fusion-post-content-container\"><p>Un cop ens decidim a canviar la nostra cuina, modificar el nostre bany o algun<\/p><\/div><\/div><div class=\"fusion-meta-info\"><div class=\"fusion-alignleft\"><a class=\"fusion-read-more\" href=\"https:\/\/rockwellsurfaces.com\/ca\/per-que-escollir-solid-surface\/\">Continua llegint<\/a><\/div><\/div><\/div><div class=\"fusion-clearfix\"><\/div><\/div>\n<\/article>\n<div class=\"fusion-clearfix\"><\/div><\/div><\/div><div class=\"fusion-clearfix\"><\/div>\n\n\t\t\t\t\t<\/div>\n\t\t\t\t<\/div><\/div><\/div>\n","protected":false},"excerpt":{"rendered":"","protected":false},"author":4,"featured_media":0,"parent":0,"menu_order":0,"comment_status":"closed","ping_status":"closed","template":"100-width.php","meta":{"footnotes":""},"class_list":["post-1522","page","type-page","status-publish","hentry"],"_links":{"self":[{"href":"https:\/\/rockwellsurfaces.com\/ca\/wp-json\/wp\/v2\/pages\/1522","targetHints":{"allow":["GET"]}}],"collection":[{"href":"https:\/\/rockwellsurfaces.com\/ca\/wp-json\/wp\/v2\/pages"}],"about":[{"href":"https:\/\/rockwellsurfaces.com\/ca\/wp-json\/wp\/v2\/types\/page"}],"author":[{"embeddable":true,"href":"https:\/\/rockwellsurfaces.com\/ca\/wp-json\/wp\/v2\/users\/4"}],"replies":[{"embeddable":true,"href":"https:\/\/rockwellsurfaces.com\/ca\/wp-json\/wp\/v2\/comments?post=1522"}],"version-history":[{"count":1,"href":"https:\/\/rockwellsurfaces.com\/ca\/wp-json\/wp\/v2\/pages\/1522\/revisions"}],"predecessor-version":[{"id":1697,"href":"https:\/\/rockwellsurfaces.com\/ca\/wp-json\/wp\/v2\/pages\/1522\/revisions\/1697"}],"wp:attachment":[{"href":"https:\/\/rockwellsurfaces.com\/ca\/wp-json\/wp\/v2\/media?parent=1522"}],"curies":[{"name":"wp","href":"https:\/\/api.w.org\/{rel}","templated":true}]}}