{"id":1530,"date":"2018-01-24T13:41:10","date_gmt":"2018-01-24T13:41:10","guid":{"rendered":"http:\/\/rockwellsurfaces.com\/que-hacemos\/disenos-exclusivos\/"},"modified":"2018-03-12T14:14:32","modified_gmt":"2018-03-12T14:14:32","slug":"dissenys-exclusius","status":"publish","type":"page","link":"https:\/\/rockwellsurfaces.com\/ca\/que-fem\/dissenys-exclusius\/","title":{"rendered":"Dissenys exclusius"},"content":{"rendered":"<p><div class=\"fusion-fullwidth fullwidth-box nonhundred-percent-fullwidth non-hundred-percent-height-scrolling\"  style='background-color: rgba(255,255,255,0);background-position: left top;background-repeat: no-repeat;padding-top:130px;padding-right:0px;padding-bottom:130px;padding-left:0px;border-top-width:0px;border-bottom-width:0px;border-color:#eae9e9;border-top-style:solid;border-bottom-style:solid;'><div class=\"fusion-builder-row fusion-row \"><div  class=\"fusion-layout-column fusion_builder_column fusion_builder_column_2_5  fusion-two-fifth fusion-column-first 2_5\"  style='margin-top:0px;margin-bottom:0px;width:40%;width:calc(40% - ( ( 4% + 4% ) * 0.4 ) );margin-right: 4%;'>\n\t\t\t\t\t<div class=\"fusion-column-wrapper\" style=\"padding: 0px 0px 0px 0px;background-position:left top;background-repeat:no-repeat;-webkit-background-size:cover;-moz-background-size:cover;-o-background-size:cover;background-size:cover;\"  data-bg-url=\"\">\n\t\t\t\t\t\t<div class=\"fusion-text\"><h2>Dissenys fets a mida<\/h2>\n<\/div><div class=\"fusion-sep-clear\"><\/div><div class=\"fusion-separator sep-single sep-solid\" style=\"border-color:#385289;border-top-width:2px;margin-top:;margin-bottom:30px;width:100%;max-width:50px;\"><\/div><div class=\"fusion-text\"><p>El Solid Surface \u00e9s un material que pot oferir molt i sorprendre positivament, pel seu gran repertori de possibilitats.<\/p>\n<p>Gr\u00e0cies als seus components, permet ser manipulat mitjan\u00e7ant diversos processos, que donen lloc a diferents resultats. Aquesta \u00e9s la ra\u00f3 per la qual podem realitzar qualsevol disseny, de manera \u00fanica i excepcional.<\/p>\n<\/div><div class=\"fusion-clearfix\"><\/div>\n\n\t\t\t\t\t<\/div>\n\t\t\t\t<\/div><div  class=\"fusion-layout-column fusion_builder_column fusion_builder_column_1_5  fusion-one-fifth 1_5\"  style='margin-top:0px;margin-bottom:0px;width:20%;width:calc(20% - ( ( 4% + 4% ) * 0.2 ) );margin-right: 4%;'>\n\t\t\t\t\t<div class=\"fusion-column-wrapper\" style=\"padding: 0px 0px 0px 0px;background-position:left top;background-repeat:no-repeat;-webkit-background-size:cover;-moz-background-size:cover;-o-background-size:cover;background-size:cover;\"  data-bg-url=\"\">\n\t\t\t\t\t\t<span class=\"fusion-imageframe imageframe-none imageframe-1 hover-type-zoomin\"><img loading=\"lazy\" decoding=\"async\" src=\"https:\/\/rockwellsurfaces.com\/wp-content\/uploads\/2018\/01\/fotos-web-b.jpg\" width=\"966\" height=\"1440\" alt=\"\" title=\"fotos-web-b\" class=\"img-responsive wp-image-1382\" srcset=\"https:\/\/rockwellsurfaces.com\/wp-content\/uploads\/2018\/01\/fotos-web-b-200x298.jpg 200w, https:\/\/rockwellsurfaces.com\/wp-content\/uploads\/2018\/01\/fotos-web-b-400x596.jpg 400w, https:\/\/rockwellsurfaces.com\/wp-content\/uploads\/2018\/01\/fotos-web-b-600x894.jpg 600w, https:\/\/rockwellsurfaces.com\/wp-content\/uploads\/2018\/01\/fotos-web-b-800x1193.jpg 800w, https:\/\/rockwellsurfaces.com\/wp-content\/uploads\/2018\/01\/fotos-web-b.jpg 966w\" sizes=\"auto, (max-width: 800px) 100vw, 400px\" \/><\/span><div class=\"fusion-clearfix\"><\/div>\n\n\t\t\t\t\t<\/div>\n\t\t\t\t<\/div><div  class=\"fusion-layout-column fusion_builder_column fusion_builder_column_2_5  fusion-two-fifth fusion-column-last 2_5\"  style='margin-top:0px;margin-bottom:0px;width:40%;width:calc(40% - ( ( 4% + 4% ) * 0.4 ) );'>\n\t\t\t\t\t<div class=\"fusion-column-wrapper\" style=\"padding: 0px 0px 0px 0px;background-position:left top;background-repeat:no-repeat;-webkit-background-size:cover;-moz-background-size:cover;-o-background-size:cover;background-size:cover;\"  data-bg-url=\"\">\n\t\t\t\t\t\t<span class=\"fusion-imageframe imageframe-none imageframe-2 hover-type-zoomin\"><img loading=\"lazy\" decoding=\"async\" src=\"https:\/\/rockwellsurfaces.com\/wp-content\/uploads\/2018\/01\/fotos-web-6-1.jpg\" width=\"1920\" height=\"1440\" alt=\"\" title=\"fotos-web (6)\" class=\"img-responsive wp-image-1363\" srcset=\"https:\/\/rockwellsurfaces.com\/wp-content\/uploads\/2018\/01\/fotos-web-6-1-200x150.jpg 200w, https:\/\/rockwellsurfaces.com\/wp-content\/uploads\/2018\/01\/fotos-web-6-1-400x300.jpg 400w, https:\/\/rockwellsurfaces.com\/wp-content\/uploads\/2018\/01\/fotos-web-6-1-600x450.jpg 600w, https:\/\/rockwellsurfaces.com\/wp-content\/uploads\/2018\/01\/fotos-web-6-1-800x600.jpg 800w, https:\/\/rockwellsurfaces.com\/wp-content\/uploads\/2018\/01\/fotos-web-6-1-1200x900.jpg 1200w, https:\/\/rockwellsurfaces.com\/wp-content\/uploads\/2018\/01\/fotos-web-6-1.jpg 1920w\" sizes=\"auto, (max-width: 800px) 100vw, 600px\" \/><\/span><div class=\"fusion-clearfix\"><\/div>\n\n\t\t\t\t\t<\/div>\n\t\t\t\t<\/div><\/div><\/div><div class=\"fusion-fullwidth fullwidth-box fusion-parallax-none nonhundred-percent-fullwidth non-hundred-percent-height-scrolling\"  style='background-color: rgba(255,255,255,0);background-image: url(\"https:\/\/rockwellsurfaces.com\/wp-content\/uploads\/2018\/02\/disenos-presu.jpg\");background-position: center center;background-repeat: no-repeat;padding-top:110px;padding-right:0px;padding-bottom:50px;padding-left:0px;border-top-width:0px;border-bottom-width:0px;border-color:#eae9e9;border-top-style:solid;border-bottom-style:solid;-webkit-background-size:cover;-moz-background-size:cover;-o-background-size:cover;background-size:cover;'><div class=\"fusion-builder-row fusion-row \"><div  class=\"fusion-layout-column fusion_builder_column fusion_builder_column_1_6  fusion-one-sixth fusion-column-first 1_6\"  style='margin-top:0px;margin-bottom:0px;width:16.66%;width:calc(16.66% - ( ( 4% + 4% ) * 0.1666 ) );margin-right: 4%;'>\n\t\t\t\t\t<div class=\"fusion-column-wrapper\" style=\"padding: 0px 0px 0px 0px;background-position:left top;background-repeat:no-repeat;-webkit-background-size:cover;-moz-background-size:cover;-o-background-size:cover;background-size:cover;\"  data-bg-url=\"\">\n\t\t\t\t\t\t<div class=\"fusion-clearfix\"><\/div>\n\n\t\t\t\t\t<\/div>\n\t\t\t\t<\/div><div  class=\"fusion-layout-column fusion_builder_column fusion_builder_column_2_3  fusion-two-third 2_3\"  style='margin-top:0px;margin-bottom:100px;width:66.66%;width:calc(66.66% - ( ( 4% + 4% ) * 0.6666 ) );margin-right: 4%;'>\n\t\t\t\t\t<div class=\"fusion-column-wrapper\" style=\"padding: 0px 0px 0px 0px;background-position:left top;background-repeat:no-repeat;-webkit-background-size:cover;-moz-background-size:cover;-o-background-size:cover;background-size:cover;\"  data-bg-url=\"\">\n\t\t\t\t\t\t<div class=\"fusion-text\"><h2 style=\"text-align: center;\"><span style=\"color: #ffffff;\">RESULTATS ESPECTACULARS<\/span><\/h2>\n<\/div><div class=\"fusion-text\"><h4 style=\"text-align: center;\"><span style=\"color: #ffffff;\">Duem anys treballant amb ell, exprimint-lo i els seus resultats s\u00f3n francament espectaculars. Tot all\u00f2 que puguis imaginar, tant per a la teva llar com per al teu negoci, aquest detall que marcaria la diferencia, un toc de distinci\u00f3, ho fem per a tu, en exclusiva.<\/span><\/h4>\n<\/div><div class=\"fusion-sep-clear\"><\/div><div class=\"fusion-separator fusion-full-width-sep sep-none\" style=\"margin-left: auto;margin-right: auto;margin-top:10px;margin-bottom:10px;\"><\/div><div class=\"fusion-button-wrapper fusion-aligncenter\"><style type=\"text\/css\" scoped=\"scoped\">.fusion-button.button-1 .fusion-button-text, .fusion-button.button-1 i {color:#22355d;}.fusion-button.button-1 {border-width:0px;border-color:#22355d;}.fusion-button.button-1 .fusion-button-icon-divider{border-color:#22355d;}.fusion-button.button-1:hover .fusion-button-text, .fusion-button.button-1:hover i,.fusion-button.button-1:focus .fusion-button-text, .fusion-button.button-1:focus i,.fusion-button.button-1:active .fusion-button-text, .fusion-button.button-1:active{color:rgba(255,255,255,0.79);}.fusion-button.button-1:hover, .fusion-button.button-1:focus, .fusion-button.button-1:active{border-width:0px;border-color:rgba(255,255,255,0.79);}.fusion-button.button-1:hover .fusion-button-icon-divider, .fusion-button.button-1:hover .fusion-button-icon-divider, .fusion-button.button-1:active .fusion-button-icon-divider{border-color:rgba(255,255,255,0.79);}.fusion-button.button-1{background: #ffffff;}.fusion-button.button-1:hover,.button-1:focus,.fusion-button.button-1:active{background: #22355d;}.fusion-button.button-1{width:auto;}<\/style><a class=\"fusion-button button-flat fusion-button-square button-large button-custom button-1\" target=\"_self\" href=\"https:\/\/rockwellsurfaces.com\/ca\/contacto\/\"><span class=\"fusion-button-text\">SOLICITA PRESUPUESTO<\/span><\/a><\/div><div class=\"fusion-clearfix\"><\/div>\n\n\t\t\t\t\t<\/div>\n\t\t\t\t<\/div><div  class=\"fusion-layout-column fusion_builder_column fusion_builder_column_1_6  fusion-one-sixth fusion-column-last 1_6\"  style='margin-top:0px;margin-bottom:0px;width:16.66%;width:calc(16.66% - ( ( 4% + 4% ) * 0.1666 ) );'>\n\t\t\t\t\t<div class=\"fusion-column-wrapper\" style=\"padding: 0px 0px 0px 0px;background-position:left top;background-repeat:no-repeat;-webkit-background-size:cover;-moz-background-size:cover;-o-background-size:cover;background-size:cover;\"  data-bg-url=\"\">\n\t\t\t\t\t\t<div class=\"fusion-clearfix\"><\/div>\n\n\t\t\t\t\t<\/div>\n\t\t\t\t<\/div><\/div><\/div><\/p>\n","protected":false},"excerpt":{"rendered":"","protected":false},"author":4,"featured_media":0,"parent":1524,"menu_order":0,"comment_status":"closed","ping_status":"closed","template":"100-width.php","meta":{"footnotes":""},"class_list":["post-1530","page","type-page","status-publish","hentry"],"_links":{"self":[{"href":"https:\/\/rockwellsurfaces.com\/ca\/wp-json\/wp\/v2\/pages\/1530","targetHints":{"allow":["GET"]}}],"collection":[{"href":"https:\/\/rockwellsurfaces.com\/ca\/wp-json\/wp\/v2\/pages"}],"about":[{"href":"https:\/\/rockwellsurfaces.com\/ca\/wp-json\/wp\/v2\/types\/page"}],"author":[{"embeddable":true,"href":"https:\/\/rockwellsurfaces.com\/ca\/wp-json\/wp\/v2\/users\/4"}],"replies":[{"embeddable":true,"href":"https:\/\/rockwellsurfaces.com\/ca\/wp-json\/wp\/v2\/comments?post=1530"}],"version-history":[{"count":5,"href":"https:\/\/rockwellsurfaces.com\/ca\/wp-json\/wp\/v2\/pages\/1530\/revisions"}],"predecessor-version":[{"id":1760,"href":"https:\/\/rockwellsurfaces.com\/ca\/wp-json\/wp\/v2\/pages\/1530\/revisions\/1760"}],"up":[{"embeddable":true,"href":"https:\/\/rockwellsurfaces.com\/ca\/wp-json\/wp\/v2\/pages\/1524"}],"wp:attachment":[{"href":"https:\/\/rockwellsurfaces.com\/ca\/wp-json\/wp\/v2\/media?parent=1530"}],"curies":[{"name":"wp","href":"https:\/\/api.w.org\/{rel}","templated":true}]}}