{"id":1536,"date":"2015-12-04T02:08:28","date_gmt":"2015-12-04T02:08:28","guid":{"rendered":"http:\/\/rockwellsurfaces.com\/quienes-somos\/"},"modified":"2018-03-12T14:22:37","modified_gmt":"2018-03-12T14:22:37","slug":"qui-som","status":"publish","type":"page","link":"https:\/\/rockwellsurfaces.com\/ca\/qui-som\/","title":{"rendered":"Qui som"},"content":{"rendered":"<p><div class=\"fusion-fullwidth fullwidth-box nonhundred-percent-fullwidth non-hundred-percent-height-scrolling\"  style='background-color: rgba(255,255,255,0);background-position: center center;background-repeat: no-repeat;padding-top:60px;padding-right:0px;padding-bottom:60px;padding-left:0px;'><div class=\"fusion-builder-row fusion-row \"><div  class=\"fusion-layout-column fusion_builder_column fusion_builder_column_1_2  fusion-one-half fusion-column-first 1_2\"  style='margin-top:0px;margin-bottom:0px;width:50%;width:calc(50% - ( ( 4% ) * 0.5 ) );margin-right: 4%;'>\n\t\t\t\t\t<div class=\"fusion-column-wrapper\" style=\"padding: 0px 0px 0px 0px;background-position:left top;background-repeat:no-repeat;-webkit-background-size:cover;-moz-background-size:cover;-o-background-size:cover;background-size:cover;\"  data-bg-url=\"\">\n\t\t\t\t\t\t<div class=\"fusion-text\"><h2><em>Oferim un servei integral, des del naixement de la idea fins a la finalitzaci\u00f3 del projecte<\/em><\/h2>\n<\/div><div class=\"fusion-clearfix\"><\/div>\n\n\t\t\t\t\t<\/div>\n\t\t\t\t<\/div><div  class=\"fusion-layout-column fusion_builder_column fusion_builder_column_1_2  fusion-one-half fusion-column-last 1_2\"  style='margin-top:0px;margin-bottom:0px;width:50%;width:calc(50% - ( ( 4% ) * 0.5 ) );'>\n\t\t\t\t\t<div class=\"fusion-column-wrapper\" style=\"padding: 0px 0px 0px 0px;background-position:left top;background-repeat:no-repeat;-webkit-background-size:cover;-moz-background-size:cover;-o-background-size:cover;background-size:cover;\"  data-bg-url=\"\">\n\t\t\t\t\t\t<div class=\"fusion-text\"><p>ROCKWELL SURFACES \u00e9s una empresa creada des del coneixement exhaustiu sobre el Solid Surface acr\u00edlic, amb la finalitat de cobrir les necessitats d\u2019aquelles persones que vulguin tenir aquest material en el seu projecte, ja sigui una cuina, un bany, una reforma integral, la barra d\u2019un bar, l\u2019expositor d\u2019un negoci o qualsevol element decoratiu per a interior o exterior. En resum, tot all\u00f2 que puguem imaginar.<\/p>\n<\/div><div class=\"fusion-clearfix\"><\/div>\n\n\t\t\t\t\t<\/div>\n\t\t\t\t<\/div><\/div><\/div><div class=\"fusion-fullwidth fullwidth-box nonhundred-percent-fullwidth non-hundred-percent-height-scrolling\"  style='background-color: #f6f6f6;background-position: center center;background-repeat: no-repeat;padding-top:60px;padding-right:0px;padding-bottom:60px;padding-left:0px;'><div class=\"fusion-builder-row fusion-row \"><div  class=\"fusion-layout-column fusion_builder_column fusion_builder_column_1_1  fusion-one-full fusion-column-first fusion-column-last 1_1\"  style='margin-top:0px;margin-bottom:0px;'>\n\t\t\t\t\t<div class=\"fusion-column-wrapper\" style=\"padding: 0px 0px 0px 0px;background-position:left top;background-repeat:no-repeat;-webkit-background-size:cover;-moz-background-size:cover;-o-background-size:cover;background-size:cover;\"  data-bg-url=\"\">\n\t\t\t\t\t\t<div class=\"fusion-title title fusion-sep-none fusion-title-size-one\" style=\"margin-top:0px;margin-bottom:10px;\"><h1 class=\"title-heading-left\"><h2 style=\"font-weight: 300; text-align: center;\">SERVEIS<\/h2><\/h1><\/div><div class=\"fusion-sep-clear\"><\/div><div class=\"fusion-separator sep-single sep-solid\" style=\"border-color:#385289;border-top-width:2px;margin-left: auto;margin-right: auto;margin-top:0px;margin-bottom:30px;width:100%;max-width:100px;\"><\/div><div class=\"fusion-content-boxes content-boxes columns row fusion-columns-3 fusion-columns-total-6 fusion-content-boxes-1 content-boxes-clean-vertical content-left content-boxes-icon-on-top\" data-animationOffset=\"100%\" style=\"margin-top:20px;margin-bottom:60px;\"><style type=\"text\/css\" scoped=\"scoped\">.fusion-content-boxes-1 .heading h2{color:#333333;}\n\t\t\t\t\t.fusion-content-boxes-1 .fusion-content-box-hover .link-area-link-icon-hover .heading h2,\n\t\t\t\t\t.fusion-content-boxes-1 .fusion-content-box-hover .link-area-link-icon-hover .heading .heading-link h2,\n\t\t\t\t\t.fusion-content-boxes-1 .fusion-content-box-hover .link-area-box-hover .heading h2,\n\t\t\t\t\t.fusion-content-boxes-1 .fusion-content-box-hover .link-area-box-hover .heading .heading-link h2,\n\t\t\t\t\t.fusion-content-boxes-1 .fusion-content-box-hover .link-area-link-icon-hover.link-area-box .fusion-read-more,\n\t\t\t\t\t.fusion-content-boxes-1 .fusion-content-box-hover .link-area-link-icon-hover.link-area-box .fusion-read-more::after,\n\t\t\t\t\t.fusion-content-boxes-1 .fusion-content-box-hover .link-area-link-icon-hover.link-area-box .fusion-read-more::before,\n\t\t\t\t\t.fusion-content-boxes-1 .fusion-content-box-hover .fusion-read-more:hover:after,\n\t\t\t\t\t.fusion-content-boxes-1 .fusion-content-box-hover .fusion-read-more:hover:before,\n\t\t\t\t\t.fusion-content-boxes-1 .fusion-content-box-hover .fusion-read-more:hover,\n\t\t\t\t\t.fusion-content-boxes-1 .fusion-content-box-hover .link-area-box-hover.link-area-box .fusion-read-more,\n\t\t\t\t\t.fusion-content-boxes-1 .fusion-content-box-hover .link-area-box-hover.link-area-box .fusion-read-more::after,\n\t\t\t\t\t.fusion-content-boxes-1 .fusion-content-box-hover .link-area-box-hover.link-area-box .fusion-read-more::before,\n\t\t\t\t\t.fusion-content-boxes-1 .fusion-content-box-hover .link-area-link-icon-hover .icon .circle-no,\n\t\t\t\t\t.fusion-content-boxes-1 .heading .heading-link:hover .content-box-heading {\n\t\t\t\t\t\tcolor: #385289;\n\t\t\t\t\t}\n\t\t\t\t\t.fusion-content-boxes-1 .fusion-content-box-hover .link-area-box-hover .icon .circle-no {\n\t\t\t\t\t\tcolor: #385289 !important;\n\t\t\t\t\t}.fusion-content-boxes-1 .fusion-content-box-hover .link-area-box.link-area-box-hover .fusion-content-box-button {background: #333333;color: rgba(255,255,255,0.79);}.fusion-content-boxes-1 .fusion-content-box-hover .link-area-box.link-area-box-hover .fusion-content-box-button .fusion-button-text {color: rgba(255,255,255,0.79);}\n\t\t\t\t\t.fusion-content-boxes-1 .fusion-content-box-hover .link-area-link-icon-hover .heading .icon > span {\n\t\t\t\t\t\tbackground-color: #385289 !important;\n\t\t\t\t\t}\n\t\t\t\t\t.fusion-content-boxes-1 .fusion-content-box-hover .link-area-box-hover .heading .icon > span {\n\t\t\t\t\t\tborder-color: #385289 !important;\n\t\t\t\t\t}\n\t\t\t\t\t\t.fusion-content-boxes-1 .fusion-content-box-hover .link-area-link-icon-hover.icon-hover-animation-pulsate .fontawesome-icon:after,\n\t\t\t\t\t\t.fusion-content-boxes-1 .fusion-content-box-hover .link-area-box-hover.icon-hover-animation-pulsate .fontawesome-icon:after,\n\t\t\t\t\t\t.fusion-content-boxes-1 .fusion-content-box-hover .link-area-link-icon-hover.icon-wrapper-hover-animation-pulsate .icon span:after,\n\t\t\t\t\t\t.fusion-content-boxes-1 .fusion-content-box-hover .link-area-box-hover.icon-wrapper-hover-animation-pulsate .icon span:after {\n\t\t\t\t\t\t\t-webkit-box-shadow:0 0 0 2px rgba(255,255,255,0.1), 0 0 10px 10px #385289, 0 0 0 10px rgba(255,255,255,0.5);\n\t\t\t\t\t\t\t-moz-box-shadow:0 0 0 2px rgba(255,255,255,0.1), 0 0 10px 10px #385289, 0 0 0 10px rgba(255,255,255,0.5);\n\t\t\t\t\t\t\tbox-shadow: 0 0 0 2px rgba(255,255,255,0.1), 0 0 10px 10px #385289, 0 0 0 10px rgba(255,255,255,0.5);\n\t\t\t\t\t\t}\n\t\t\t\t\t<\/style><div style=\"border-color:rgba(255,255,255,0);\" class=\"fusion-column content-box-column content-box-column content-box-column-1 col-lg-4 col-md-4 col-sm-4 fusion-content-box-hover  content-box-column-first-in-row\"><div class=\"col content-wrapper link-area-link-icon icon-hover-animation-pulsate\" style=\"background-color:rgba(255,255,255,0);\" data-animationOffset=\"100%\"><div class=\"heading heading-with-icon icon-left\"><div class=\"icon\"><i style=\"border-color:#333333;border-width:0px;background-color:#333333;box-sizing:content-box;height:120px;width:120px;line-height:120px;border-radius:50%;color:#ffffff;font-size:60px;\" class=\"fa fontawesome-icon fa-laptop circle-yes\"><\/i><\/div><h2 class=\"content-box-heading\" style=\"font-size:16px;line-height:21px;\">T'assessorem<\/h2><\/div><div class=\"fusion-clearfix\"><\/div><div class=\"content-container\" style=\"color:#747474;\">\n<p>Assessorament, estudi i resoluci\u00f3 de problemes per part de t\u00e8cnics especialitzats, experts en aquest material i el sector de la construcci\u00f3.<\/p>\n<\/div><\/div><\/div><div style=\"border-color:rgba(255,255,255,0);\" class=\"fusion-column content-box-column content-box-column content-box-column-2 col-lg-4 col-md-4 col-sm-4 fusion-content-box-hover \"><div class=\"col content-wrapper link-area-link-icon icon-hover-animation-pulsate\" style=\"background-color:rgba(255,255,255,0);\" data-animationOffset=\"100%\"><div class=\"heading heading-with-icon icon-left\"><div class=\"icon\"><i style=\"border-color:#333333;border-width:0px;background-color:#333333;box-sizing:content-box;height:120px;width:120px;line-height:120px;border-radius:50%;color:#ffffff;font-size:60px;\" class=\"fa fontawesome-icon fa-wrench circle-yes\"><\/i><\/div><h2 class=\"content-box-heading\" style=\"font-size:16px;line-height:21px;\">Taller propi<\/h2><\/div><div class=\"fusion-clearfix\"><\/div><div class=\"content-container\" style=\"color:#747474;\">\n<p>Tenim taller propi, amb personal altament qualificat.<\/p>\n<\/div><\/div><\/div><div style=\"border-color:rgba(255,255,255,0);\" class=\"fusion-column content-box-column content-box-column content-box-column-3 col-lg-4 col-md-4 col-sm-4 fusion-content-box-hover  content-box-column-last-in-row\"><div class=\"col content-wrapper link-area-link-icon icon-hover-animation-pulsate\" style=\"background-color:rgba(255,255,255,0);\" data-animationOffset=\"100%\"><div class=\"heading heading-with-icon icon-left\"><div class=\"icon\"><i style=\"border-color:#333333;border-width:0px;background-color:#333333;box-sizing:content-box;height:120px;width:120px;line-height:120px;border-radius:50%;color:#ffffff;font-size:60px;\" class=\"fa fontawesome-icon fa-user circle-yes\"><\/i><\/div><h2 class=\"content-box-heading\" style=\"font-size:16px;line-height:21px;\">Trate directe<\/h2><\/div><div class=\"fusion-clearfix\"><\/div><div class=\"content-container\" style=\"color:#747474;\">\n<p>Sense intermediaris, tractem amb tu durant tot el proc\u00e9s. El teu producte anir\u00e0 del taller al client.<\/p>\n<\/div><\/div><\/div><div style=\"border-color:rgba(255,255,255,0);\" class=\"fusion-column content-box-column content-box-column content-box-column-4 col-lg-4 col-md-4 col-sm-4 fusion-content-box-hover  content-box-column-first-in-row\"><div class=\"col content-wrapper link-area-link-icon icon-hover-animation-pulsate\" style=\"background-color:rgba(255,255,255,0);\" data-animationOffset=\"100%\"><div class=\"heading heading-with-icon icon-left\"><div class=\"icon\"><i style=\"border-color:#333333;border-width:0px;background-color:#333333;box-sizing:content-box;height:120px;width:120px;line-height:120px;border-radius:50%;color:#ffffff;font-size:60px;\" class=\"fa fontawesome-icon fa-cubes circle-yes\"><\/i><\/div><h2 class=\"content-box-heading\" style=\"font-size:16px;line-height:21px;\">Qualitat<\/h2><\/div><div class=\"fusion-clearfix\"><\/div><div class=\"content-container\" style=\"color:#747474;\">\n<p>Treballem amb materials\u00a0 de m\u00e0xima qualitat. Nom\u00e9s utilitzem primeres marques.<\/p>\n<\/div><\/div><\/div><div style=\"border-color:rgba(255,255,255,0);\" class=\"fusion-column content-box-column content-box-column content-box-column-5 col-lg-4 col-md-4 col-sm-4 fusion-content-box-hover \"><div class=\"col content-wrapper link-area-link-icon icon-hover-animation-pulsate\" style=\"background-color:rgba(255,255,255,0);\" data-animationOffset=\"100%\"><div class=\"heading heading-with-icon icon-left\"><div class=\"icon\"><i style=\"border-color:#333333;border-width:0px;background-color:#333333;box-sizing:content-box;height:120px;width:120px;line-height:120px;border-radius:50%;color:#ffffff;font-size:60px;\" class=\"fa fontawesome-icon fa-money circle-yes\"><\/i><\/div><h2 class=\"content-box-heading\" style=\"font-size:16px;line-height:21px;\">Ens ajustem<\/h2><\/div><div class=\"fusion-clearfix\"><\/div><div class=\"content-container\" style=\"color:#747474;\">\n<p>Ajustem els nostres pressupostos per que els nostres productes puguin arribar a totes les llars.<\/p>\n<p><span id=\"result_box\" class=\"\" lang=\"en\"><span class=\"\"><span id=\"result_box\" class=\"\" lang=\"ca\">\u00a0<\/span><\/span><\/span><\/p>\n<\/div><\/div><\/div><div style=\"border-color:rgba(255,255,255,0);\" class=\"fusion-column content-box-column content-box-column content-box-column-6 col-lg-4 col-md-4 col-sm-4 fusion-content-box-hover  content-box-column-last content-box-column-last-in-row\"><div class=\"col content-wrapper link-area-link-icon icon-hover-animation-pulsate\" style=\"background-color:rgba(255,255,255,0);\" data-animationOffset=\"100%\"><div class=\"heading heading-with-icon icon-left\"><div class=\"icon\"><i style=\"border-color:#333333;border-width:0px;background-color:#333333;box-sizing:content-box;height:120px;width:120px;line-height:120px;border-radius:50%;color:#ffffff;font-size:60px;\" class=\"fa fontawesome-icon fa-info-circle circle-yes\"><\/i><\/div><h2 class=\"content-box-heading\" style=\"font-size:16px;line-height:21px;\">Servei postvenda<\/h2><\/div><div class=\"fusion-clearfix\"><\/div><div class=\"content-container\" style=\"color:#747474;\">\n<p><span id=\"result_box\" class=\"\" lang=\"ca\">Servei postvenda exclusiu. Gaudeix de la teva reforma sense haver de preocupar-te de res m\u00e9s.<br \/><\/span><\/p>\n<\/div><\/div><\/div><style type=\"text\/css\" scoped=\"scoped\">\n\t\t\t\t\t\t.fusion-content-boxes-1 .fusion-content-box-hover .heading-link:hover .icon i.circle-yes,\n\t\t\t\t\t\t.fusion-content-boxes-1 .fusion-content-box-hover .link-area-box:hover .heading-link .icon i.circle-yes,\n\t\t\t\t\t\t.fusion-content-boxes-1 .fusion-content-box-hover .link-area-link-icon-hover .heading .icon i.circle-yes,\n\t\t\t\t\t\t.fusion-content-boxes-1 .fusion-content-box-hover .link-area-box-hover .heading .icon i.circle-yes {\n\t\t\t\t\t\t\tbackground-color: #385289 !important;\n\t\t\t\t\t\t\tborder-color: #385289 !important;\n\t\t\t\t\t\t}<\/style><div class=\"fusion-clearfix\"><\/div><\/div><div class=\"fusion-clearfix\"><\/div>\n\n\t\t\t\t\t<\/div>\n\t\t\t\t<\/div><\/div><\/div><\/p>\n","protected":false},"excerpt":{"rendered":"","protected":false},"author":4,"featured_media":0,"parent":0,"menu_order":0,"comment_status":"closed","ping_status":"closed","template":"100-width.php","meta":{"footnotes":""},"class_list":["post-1536","page","type-page","status-publish","hentry"],"_links":{"self":[{"href":"https:\/\/rockwellsurfaces.com\/ca\/wp-json\/wp\/v2\/pages\/1536","targetHints":{"allow":["GET"]}}],"collection":[{"href":"https:\/\/rockwellsurfaces.com\/ca\/wp-json\/wp\/v2\/pages"}],"about":[{"href":"https:\/\/rockwellsurfaces.com\/ca\/wp-json\/wp\/v2\/types\/page"}],"author":[{"embeddable":true,"href":"https:\/\/rockwellsurfaces.com\/ca\/wp-json\/wp\/v2\/users\/4"}],"replies":[{"embeddable":true,"href":"https:\/\/rockwellsurfaces.com\/ca\/wp-json\/wp\/v2\/comments?post=1536"}],"version-history":[{"count":3,"href":"https:\/\/rockwellsurfaces.com\/ca\/wp-json\/wp\/v2\/pages\/1536\/revisions"}],"predecessor-version":[{"id":1763,"href":"https:\/\/rockwellsurfaces.com\/ca\/wp-json\/wp\/v2\/pages\/1536\/revisions\/1763"}],"wp:attachment":[{"href":"https:\/\/rockwellsurfaces.com\/ca\/wp-json\/wp\/v2\/media?parent=1536"}],"curies":[{"name":"wp","href":"https:\/\/api.w.org\/{rel}","templated":true}]}}