{"id":1725,"date":"2018-02-20T20:52:14","date_gmt":"2018-02-20T20:52:14","guid":{"rendered":"http:\/\/rockwellsurfaces.com\/politica-de-cookies\/"},"modified":"2018-03-12T14:29:59","modified_gmt":"2018-03-12T14:29:59","slug":"politica-de-cookies","status":"publish","type":"page","link":"https:\/\/rockwellsurfaces.com\/ca\/politica-de-cookies\/","title":{"rendered":"Pol\u00edtica de cookies"},"content":{"rendered":"<p>Una cookie \u00e9s un petit fitxer de text que s\u2019emmagatzema en el seu navegador quan visita gaireb\u00e9 qualsevol p\u00e0gina web. La seva utilitat \u00e9s que la web sigui capa\u00e7 de recordar la seva visita quan torni a navegar per aquesta p\u00e0gina. Les cookies solen emmagatzemar informaci\u00f3 de car\u00e0cter t\u00e8cnic, prefer\u00e8ncies personals, personalitzaci\u00f3 de continguts, estad\u00edstiques d\u2019\u00fas, enlla\u00e7os a xarxes socials, acc\u00e9s a comptes d\u2019usuari, etc. L\u2019objectiu de la cookie \u00e9s adaptar el contingut de la web al seu perfil i necessitats, sense cookies els serveis oferts per qualsevol p\u00e0gina es veurien minvats notablement. Si desitja consultar m\u00e9s informaci\u00f3 sobre qu\u00e8 s\u00f3n les cookies, qu\u00e8 emmagatzemen, com eliminar-les, desactivar-les, etc., li preguem es dirigeixi a <a title=\"M\u00e9s informaci\u00f3 sobre les cookies\" href=\"\/ca\/mes-informacio-sobre-les-cookies\/\">aquest enlla\u00e7<\/a>.<\/p>\n<h4>Cookies utilitzades en aquest lloc web<\/h4>\n<p>Seguint les directrius de l\u2019Ag\u00e8ncia Espanyola de Protecci\u00f3 de Dades procedim a detallar l\u2019\u00fas de cookies que fa aquesta web amb la finalitat d\u2019informar-li amb la m\u00e0xima exactitud possible. Aquest lloc web utilitza les seg\u00fcents cookies pr\u00f2pies:<\/p>\n<ul>\n<li>Cookies de sessi\u00f3, per garantir que els usuaris que escriguin comentaris en el blog siguin humans i no aplicacions automatitzades. D\u2019aquesta forma es combat el spam.<\/li>\n<\/ul>\n<p>Aquest lloc web utilitza les seg\u00fcents cookies de tercers:<\/p>\n<ul>\n<li>Google Analytics: Emmagatzema cookies per poder elaborar estad\u00edstiques sobre el tr\u00e0fic i volum de visites d\u2019aquesta web. En utilitzar aquest lloc web est\u00e0 consentint el tractament d\u2019informaci\u00f3 sobre vost\u00e8 per Google. Per tant, l\u2019exercici de qualsevol dret en aquest sentit haur\u00e0 de fer-ho comunicant directament amb Google.<\/li>\n<li>Xarxes socials: Cada xarxa social utilitza les seves pr\u00f2pies *cookies perqu\u00e8 vost\u00e8 pugui punxar en botons del tipus M\u2019agrada o Compartir.<\/li>\n<\/ul>\n<h4>Desactivaci\u00f3 o eliminaci\u00f3 de\u00a0cookies<\/h4>\n<p>En qualsevol moment podr\u00e0 exercir el seu dret de desactivaci\u00f3 o eliminaci\u00f3 de *cookies d\u2019aquest lloc web. Aquestes accions es realitzen de forma diferent en funci\u00f3 del navegador que estigui usant.\u00a0<a title=\"M\u00e9s informaci\u00f3 sobre les cookies\" href=\"\/ca\/mes-informacio-sobre-les-cookies\/\">Aqu\u00ed li deixem una guia r\u00e0pida per als navegadors m\u00e9s populars.<\/a><\/p>\n<h4>Notes addicionals<\/h4>\n<ul>\n<li>Ni aquesta web ni els seus representants legals es fan responsables ni del contingut ni de la veracitat de les pol\u00edtiques de privadesa que puguin tenir els tercers esmentats en aquesta pol\u00edtica de cookies.<\/li>\n<li>Els navegadors web s\u00f3n les eines encarregades d\u2019emmagatzemar les cookies i des d\u2019aquest lloc ha d\u2019efectuar el seu dret a eliminaci\u00f3 o desactivaci\u00f3 de les mateixes. Ni aquesta web ni els seus representants legals poden garantir la correcta o incorrecta manipulaci\u00f3 de les cookies per part dels esmentats navegadors.<\/li>\n<li>En alguns casos \u00e9s necessari instal\u00b7lar cookies perqu\u00e8 el navegador no oblidi la seva decisi\u00f3 de no acceptaci\u00f3 de les mateixes.<\/li>\n<li>En el cas de les cookies de Google Analytics, aquesta empresa emmagatzema les cookies en servidors situats a Estats Units i es compromet a no compartir-la amb tercers, excepte en els casos en els quals sigui necessari per al funcionament del sistema o quan la llei obligui a aquest efecte. Segons Google no guarda la seva adre\u00e7a IP. Google Inc. \u00e9s una companyia adherida a l\u2019Acord de Port Segur que garanteix que totes les dades transferides seran tractats amb un nivell de protecci\u00f3 concorde a la normativa europea. Pot consultar informaci\u00f3 detallada referent a aix\u00f2 <a href=\"https:\/\/safeharbor.export.gov\/companyinfo.aspx?id=16626\" target=\"_blank\" rel=\"noopener\">en aquest enlla\u00e7<\/a>. Si desitja informaci\u00f3 sobre l\u2019\u00fas que Google d\u00f3na a les cookies li adjuntem <a href=\"https:\/\/developers.google.com\/analytics\/devguides\/collection\/analyticsjs\/cookie-usage?hl=es&amp;csw=1\" target=\"_blank\" rel=\"noopener\">aquest altre enlla\u00e7<\/a>.<\/li>\n<li>Per a qualsevol dubte o consulta sobre aquesta pol\u00edtica de cookies no dubti a comunicar-se amb nosaltres a trav\u00e9s de la secci\u00f3 de contacte.<\/li>\n<\/ul>\n","protected":false},"excerpt":{"rendered":"<p>Una cookie \u00e9s un petit fitxer de text que s\u2019emmagatzema en el seu navegador quan visita gaireb\u00e9 qualsevol p\u00e0gina web. La seva utilitat \u00e9s que la web sigui capa\u00e7 de recordar la seva visita quan torni a navegar per aquesta p\u00e0gina. Les cookies solen emmagatzemar informaci\u00f3 de car\u00e0cter t\u00e8cnic, prefer\u00e8ncies personals, personalitzaci\u00f3 de continguts, estad\u00edstiques [&hellip;]<\/p>\n","protected":false},"author":4,"featured_media":0,"parent":0,"menu_order":0,"comment_status":"closed","ping_status":"closed","template":"","meta":{"footnotes":""},"class_list":["post-1725","page","type-page","status-publish","hentry"],"_links":{"self":[{"href":"https:\/\/rockwellsurfaces.com\/ca\/wp-json\/wp\/v2\/pages\/1725","targetHints":{"allow":["GET"]}}],"collection":[{"href":"https:\/\/rockwellsurfaces.com\/ca\/wp-json\/wp\/v2\/pages"}],"about":[{"href":"https:\/\/rockwellsurfaces.com\/ca\/wp-json\/wp\/v2\/types\/page"}],"author":[{"embeddable":true,"href":"https:\/\/rockwellsurfaces.com\/ca\/wp-json\/wp\/v2\/users\/4"}],"replies":[{"embeddable":true,"href":"https:\/\/rockwellsurfaces.com\/ca\/wp-json\/wp\/v2\/comments?post=1725"}],"version-history":[{"count":2,"href":"https:\/\/rockwellsurfaces.com\/ca\/wp-json\/wp\/v2\/pages\/1725\/revisions"}],"predecessor-version":[{"id":1769,"href":"https:\/\/rockwellsurfaces.com\/ca\/wp-json\/wp\/v2\/pages\/1725\/revisions\/1769"}],"wp:attachment":[{"href":"https:\/\/rockwellsurfaces.com\/ca\/wp-json\/wp\/v2\/media?parent=1725"}],"curies":[{"name":"wp","href":"https:\/\/api.w.org\/{rel}","templated":true}]}}