{"id":1730,"date":"2018-02-20T20:52:13","date_gmt":"2018-02-20T20:52:13","guid":{"rendered":"http:\/\/rockwellsurfaces.com\/mas-informacion-sobre-las-cookies\/"},"modified":"2018-03-12T14:31:23","modified_gmt":"2018-03-12T14:31:23","slug":"mes-informacio-sobre-les-cookies","status":"publish","type":"page","link":"https:\/\/rockwellsurfaces.com\/ca\/mes-informacio-sobre-les-cookies\/","title":{"rendered":"M\u00e9s informaci\u00f3 sobre les cookies"},"content":{"rendered":"<div class=\"entry-content\">\n<div class=\"elementor elementor-180\">\n<div class=\"elementor-inner\">\n<div class=\"elementor-section-wrap\">\n<section class=\"elementor-element elementor-element-2a48faa7 elementor-section-boxed elementor-section-height-default elementor-section-height-default elementor-section elementor-top-section\" data-id=\"2a48faa7\" data-element_type=\"section\">\n<div class=\"elementor-container elementor-column-gap-default\">\n<div class=\"elementor-row\">\n<div class=\"elementor-element elementor-element-2a44ad86 elementor-column elementor-col-100 elementor-top-column\" data-id=\"2a44ad86\" data-element_type=\"column\">\n<div class=\"elementor-column-wrap elementor-element-populated\">\n<div class=\"elementor-widget-wrap\">\n<div class=\"elementor-element elementor-element-7c2ea892 elementor-widget elementor-widget-text-editor\" data-id=\"7c2ea892\" data-element_type=\"text-editor.default\">\n<div class=\"elementor-widget-container\">\n<div class=\"elementor-text-editor elementor-clearfix\">\n<div class=\"container\">\n<div class=\"container_inner default_template_holder clearfix page_container_inner\">\n<div class=\"vc_row wpb_row section vc_row-fluid grid_section\">\n<div class=\" section_inner clearfix\">\n<div class=\"section_inner_margin clearfix\">\n<div class=\"wpb_column vc_column_container vc_col-sm-12\">\n<div class=\"vc_column-inner \">\n<div class=\"wpb_wrapper\">\n<div class=\"wpb_text_column wpb_content_element \">\n<div class=\"wpb_wrapper\">\n<div class=\"field field--name-body field--type-text-with-summary field--label-hidden field--item\">\n<h4>Qu\u00e8 \u00e9s una cookie<\/h4>\n<p>Una cookie \u00e9s un fitxer de text inofensiu que s\u2019emmagatzema en el seu navegador quan visita gaireb\u00e9 qualsevol p\u00e0gina web. La utilitat de la cookie \u00e9s que la web sigui capa\u00e7 de recordar la seva visita quan torni a navegar per aquesta p\u00e0gina. Encara que molta gent no ho sap les cookies es porten utilitzant des de fa 20 anys, quan van apar\u00e8ixer els primers navegadors per la World Wide Web.<\/p>\n<h4>Qu\u00e8\u00a0NO \u00c9S una cookie<\/h4>\n<p>No \u00e9s un virus, ni un troj\u00e0, ni un cuc, ni spam, ni spyware, ni obre finestres pop-up.<\/p>\n<h4>Quina informaci\u00f3 emmagatzema una cookie<\/h4>\n<p>Les cookies no solen emmagatzemar informaci\u00f3 sensible sobre vost\u00e8, com a targetes de cr\u00e8dit o dades banc\u00e0ries, fotografies, el seu DNI o informaci\u00f3 personal, etc. Les dades que guarden s\u00f3n de car\u00e0cter t\u00e8cnic, prefer\u00e8ncies personals, personalitzaci\u00f3 de continguts, etc. El servidor web no li associa a vost\u00e8 com a persona si no al seu navegador web. De fet, si vost\u00e8 navega habitualment amb Internet Explorer i prova a navegar per la mateixa web amb Firefox o Chrome veur\u00e0 que la web no s\u2019adona que \u00e9s vost\u00e8 la mateixa persona perqu\u00e8 en realitat est\u00e0 associant al navegador, no a la persona.<\/p>\n<h4>Quin tipus de cookies existeixen<\/h4>\n<ul>\n<li><em>C<\/em>ookies t\u00e8cniques: S\u00f3n les m\u00e9s elementals i permeten, entre altres coses, saber quan est\u00e0 navegant un hum\u00e0 o una aplicaci\u00f3 automatitzada, quan navega un usuari an\u00f2nim i un registrat, tasques b\u00e0siques per al funcionament de qualsevol web din\u00e0mica.<\/li>\n<li>Cookies d\u2019an\u00e0lisi: Recullen informaci\u00f3 sobre el tipus de navegaci\u00f3 que est\u00e0 realitzant, les seccions que m\u00e9s utilitza, productes consultats, franja hor\u00e0ria d\u2019\u00fas, idioma, etc.<\/li>\n<li>Cookies publicit\u00e0ries: Mostren publicitat en funci\u00f3 de la seva navegaci\u00f3, el seu pa\u00eds de proced\u00e8ncia, idioma, etc.<\/li>\n<\/ul>\n<h4>Qu\u00e8 s\u00f3n les cookies pr\u00f2pies i les de tercers<\/h4>\n<p>Les cookies pr\u00f2pies s\u00f3n les generades per la p\u00e0gina que est\u00e0 visitant i les de tercers s\u00f3n les generades per serveis o prove\u00efdors externs com Facebook, Twitter, Google, etc.<\/p>\n<h4>Qu\u00e8 ocorre si desactivo les cookies<\/h4>\n<p>Perqu\u00e8 entengui l\u2019abast que pot tenir desactivar les cookies li vam mostrar uns exemples:<\/p>\n<ul>\n<li>No podr\u00e0 compartir continguts d\u2019aquesta web en Facebook, Twitter o qualsevol altra xarxa social.<\/li>\n<li>El lloc web no podr\u00e0 adaptar els continguts a les seves prefer\u00e8ncies personals, com sol oc\u00f3rrer en les tendes online.<\/li>\n<li>No podr\u00e0 accedir a l\u2019\u00e0rea personal d\u2019aquesta web, com per exemple El meu compte, o El meu perfil o Les meves comandes.<\/li>\n<li>Tendes online: Li ser\u00e0 impossible realitzar compres online, hauran de ser telef\u00f2niques o visitant la tenda f\u00edsica si \u00e9s que disposa d\u2019ella.<\/li>\n<li>No ser\u00e0 possible personalitzar les seves prefer\u00e8ncies geogr\u00e0fiques com a franja hor\u00e0ria, divisa o idioma.<\/li>\n<li>El lloc web no podr\u00e0 realitzar anal\u00edtiques web sobre visitants i tr\u00e0fic en la web, la qual cosa dificultar\u00e0 que la web sigui competitiva.<\/li>\n<li>No podr\u00e0 escriure en el blog, no podr\u00e0 pujar fotos, publicar comentaris, valorar o puntuar continguts. La web tampoc podr\u00e0 saber si vost\u00e8 \u00e9s un hum\u00e0 o una aplicaci\u00f3 automatitzada que publica spam.<\/li>\n<li>No es podr\u00e0 mostrar publicitat sectoritzada, la qual cosa reduir\u00e0 els ingressos publicitaris de la web.<\/li>\n<li>Totes les xarxes socials usen cookies, si les desactiva no podr\u00e0 utilitzar cap xarxa social.<\/li>\n<\/ul>\n<h4>Es poden eliminar les cookies<\/h4>\n<p>Si. No nom\u00e9s eliminar, tamb\u00e9 bloquejar, de forma general o particular per a un domini espec\u00edfic. Per eliminar les cookies d\u2019un lloc web ha d\u2019anar a la configuraci\u00f3 del seu navegador i all\u00ed podr\u00e0 buscar les associades al domini en q\u00fcesti\u00f3 i procedir a la seva eliminaci\u00f3.<\/p>\n<h4 id=\"navegadores\">Configuraci\u00f3 de cookies per als navegadors m\u00e9s populars<\/h4>\n<p>A continuaci\u00f3 li indiquem com accedir a una cookie determinada del navegador Chrome. Nota: aquests passos poden variar en funci\u00f3 de la versi\u00f3 del navegador:<\/p>\n<ol>\n<li>Vagi a Configuraci\u00f3 o Prefer\u00e8ncies mitjan\u00e7ant el men\u00fa Arxivo o ben punxant la icona de personalitzaci\u00f3 que apareix a dalt a la dreta.<\/li>\n<li>Veur\u00e0 diferents seccions, punxi l\u2019opci\u00f3 Mostrar opcions avan\u00e7ades.<\/li>\n<li>Vagi a Privadesa, Configuraci\u00f3 de contingut.<\/li>\n<li>Seleccioni Totes les cookies i les dades de llocs.<\/li>\n<li>Apareixer\u00e0 un llistat amb totes les cookies ordenades per domini. Perqu\u00e8 li sigui m\u00e9s f\u00e0cil trobar les cookies d\u2019un determinat domini introdueixi parcial o totalment l\u2019adre\u00e7a en el camp Buscar cookies.<\/li>\n<li>Despr\u00e9s de realitzar aquest filtre apareixeran en pantalla una o diverses l\u00ednies amb les cookies de la web sol\u00b7licitada. Ara nom\u00e9s ha de seleccionar-la i pr\u00e9mer la X per procedir a la seva eliminaci\u00f3.<\/li>\n<\/ol>\n<p>Per accedir a la configuraci\u00f3 de cookies del navegador Internet Explorer segueixi aquests passos (poden variar en funci\u00f3 de la versi\u00f3 del navegador):<\/p>\n<ol>\n<li>Vagi a Eines, Opcions d\u2019Internet<\/li>\n<li>Faci clic en Privadesa.<\/li>\n<li>Mogui el deslizador fins a ajustar el nivell de privadesa que desitgi.<\/li>\n<\/ol>\n<p>Per accedir a la configuraci\u00f3 de cookies del navegador Firefox segueixi aquests passos (poden variar en funci\u00f3 de la versi\u00f3 del navegador):<\/p>\n<ol>\n<li>Vagi a Opcions o Prefer\u00e8ncies segons el seu sistema operatiu.<\/li>\n<li>Faci clic en Privadesa.<\/li>\n<li>En Historial tri\u00ef Usar una configuraci\u00f3 personalitzada per a l\u2019historial.<\/li>\n<li>Ara veur\u00e0 l\u2019opci\u00f3 Acceptar cookies, pot activar-la o desactivar-la segons les seves prefer\u00e8ncies.<\/li>\n<\/ol>\n<p>Per accedir a la configuraci\u00f3 de cookies del navegador Safari per OSX segueixi aquests passos (poden variar en funci\u00f3 de la versi\u00f3 del navegador):<\/p>\n<ol>\n<li>Vagi a Prefer\u00e8ncies, despr\u00e9s Privadesa.<\/li>\n<li>En aquest lloc veur\u00e0 l\u2019opci\u00f3 Bloquejar cookies perqu\u00e8 ajusti el tipus de bloqueig que desitja realitzar.<\/li>\n<\/ol>\n<p>Per accedir a la configuraci\u00f3 de cookies del navegador Safari per iOS segueixi aquests passos (poden variar en funci\u00f3 de la versi\u00f3 del navegador):<\/p>\n<ol>\n<li>Vagi a Ajustos, despr\u00e9s Safari.<\/li>\n<li>Vagi a Privadesa i Seguretat, veur\u00e0 l\u2019opci\u00f3 Bloquejar cookies perqu\u00e8 ajusti el tipus de bloqueig que desitja realitzar.<\/li>\n<\/ol>\n<p>Per accedir a la configuraci\u00f3 de cookies del navegador per a dispositius Android segueixi aquests passos (poden variar en funci\u00f3 de la versi\u00f3 del navegador):<\/p>\n<ol>\n<li>Executi el navegador i premi la tecla Men\u00fa, despr\u00e9s Ajustos.<\/li>\n<li>Vagi a Seguretat i Privadesa, veur\u00e0 l\u2019opci\u00f3 Acceptar cookies perqu\u00e8 activi o desactivi la casella.<\/li>\n<\/ol>\n<p>Per accedir a la configuraci\u00f3 de cookies del navegador per a dispositius Windows Phone segueixi aquests passos (poden variar en funci\u00f3 de la versi\u00f3 del navegador):<\/p>\n<ol>\n<li>Obri Internet Explorer, despr\u00e9s M\u00e9s, despr\u00e9s Configuraci\u00f3<\/li>\n<li>Ara pot activar o desactivar la casella Permetre cookies.<\/li>\n<\/ol>\n<\/div>\n<\/div>\n<\/div>\n<\/div>\n<\/div>\n<\/div>\n<\/div>\n<\/div>\n<\/div>\n<\/div>\n<\/div>\n<\/div>\n<\/div>\n<\/div>\n<\/div>\n<\/div>\n<\/div>\n<\/div>\n<\/div>\n<\/section>\n<\/div>\n<\/div>\n<\/div>\n<\/div>\n","protected":false},"excerpt":{"rendered":"<p>Qu\u00e8 \u00e9s una cookie Una cookie \u00e9s un fitxer de text inofensiu que s\u2019emmagatzema en el seu navegador quan visita gaireb\u00e9 qualsevol p\u00e0gina web. La utilitat de la cookie \u00e9s que la web sigui capa\u00e7 de recordar la seva visita quan torni a navegar per aquesta p\u00e0gina. Encara que molta gent no ho sap les [&hellip;]<\/p>\n","protected":false},"author":4,"featured_media":0,"parent":0,"menu_order":0,"comment_status":"closed","ping_status":"closed","template":"","meta":{"footnotes":""},"class_list":["post-1730","page","type-page","status-publish","hentry"],"_links":{"self":[{"href":"https:\/\/rockwellsurfaces.com\/ca\/wp-json\/wp\/v2\/pages\/1730","targetHints":{"allow":["GET"]}}],"collection":[{"href":"https:\/\/rockwellsurfaces.com\/ca\/wp-json\/wp\/v2\/pages"}],"about":[{"href":"https:\/\/rockwellsurfaces.com\/ca\/wp-json\/wp\/v2\/types\/page"}],"author":[{"embeddable":true,"href":"https:\/\/rockwellsurfaces.com\/ca\/wp-json\/wp\/v2\/users\/4"}],"replies":[{"embeddable":true,"href":"https:\/\/rockwellsurfaces.com\/ca\/wp-json\/wp\/v2\/comments?post=1730"}],"version-history":[{"count":2,"href":"https:\/\/rockwellsurfaces.com\/ca\/wp-json\/wp\/v2\/pages\/1730\/revisions"}],"predecessor-version":[{"id":1771,"href":"https:\/\/rockwellsurfaces.com\/ca\/wp-json\/wp\/v2\/pages\/1730\/revisions\/1771"}],"wp:attachment":[{"href":"https:\/\/rockwellsurfaces.com\/ca\/wp-json\/wp\/v2\/media?parent=1730"}],"curies":[{"name":"wp","href":"https:\/\/api.w.org\/{rel}","templated":true}]}}