{"id":1956,"date":"2018-06-11T08:35:21","date_gmt":"2018-06-11T08:35:21","guid":{"rendered":"https:\/\/rockwellsurfaces.com\/?page_id=1956"},"modified":"2018-07-17T10:42:14","modified_gmt":"2018-07-17T10:42:14","slug":"politica-de-privacitat","status":"publish","type":"page","link":"https:\/\/rockwellsurfaces.com\/ca\/politica-de-privacitat\/","title":{"rendered":"Politica de Privacitat"},"content":{"rendered":"<div class=\"fusion-fullwidth fullwidth-box nonhundred-percent-fullwidth non-hundred-percent-height-scrolling\"  style='background-color: rgba(255,255,255,0);background-position: center center;background-repeat: no-repeat;padding-top:0px;padding-right:0px;padding-bottom:0px;padding-left:0px;'><div class=\"fusion-builder-row fusion-row \"><div  class=\"fusion-layout-column fusion_builder_column fusion_builder_column_1_1  fusion-one-full fusion-column-first fusion-column-last 1_1\"  style='margin-top:0px;margin-bottom:0px;'>\n\t\t\t\t\t<div class=\"fusion-column-wrapper\" style=\"padding: 0px 0px 0px 0px;background-position:left top;background-repeat:no-repeat;-webkit-background-size:cover;-moz-background-size:cover;-o-background-size:cover;background-size:cover;\"  data-bg-url=\"\">\n\t\t\t\t\t\t<div class=\"fusion-text\"><p><strong>Pol\u00edtica de privacitat i protecci\u00f3 de dades<\/strong><\/p>\n<p>De conformitat amb el vigent Reglament (UE) 2016\/679, informem que les dades de car\u00e0cter personal dels usuaris del lloc web es tractaran per remetre&#8217;ls INFORMACI\u00d3 GENERAL de la nostra empresa, i empreses associades, i atendre i canalitzar les seves possibles peticions. Aquest tractament de les seves dades estar\u00e0 emparat en el seu propi consentiment. En pr\u00e9mer el bot\u00f3 &#8220;ENVIAR&#8221;, l&#8217;Usuari consent el tractament de les seves dades per part de l&#8217;empresa.<\/p>\n<p>Aix\u00ed mateix, l&#8217;informem que, excepte obligaci\u00f3 legal o consentiment expr\u00e9s per la seva banda, no cedirem les seves dades a tercers.<\/p>\n<p>Igualment, s&#8217;informa a l&#8217;Usuari que en qualsevol moment pot exercitar els drets d&#8217;acc\u00e9s, rectificaci\u00f3 o supressi\u00f3 de dades, aix\u00ed com disposar d&#8217;altres drets reconeguts en l&#8217;Av\u00eds Legal i regulats en el Reglament (UE) 2016\/679, notificant-ho a:<\/p>\n<p>ROCKWELL SURFACES<br \/>\nDomicili est\u00e0 en: Calle Circumval\u00b7laci\u00f3 Baixa, 72. 08290 &#8211; Cerdanyola del Vall\u00e9s. Barcelona (Espa\u00f1a)<br \/>\nTel: +34 93 784 63 47<br \/>\nE-mail: info@rockwellsurfaces.com<\/p>\n<\/div><div class=\"fusion-clearfix\"><\/div>\n\n\t\t\t\t\t<\/div>\n\t\t\t\t<\/div><\/div><\/div>\n","protected":false},"excerpt":{"rendered":"","protected":false},"author":4,"featured_media":0,"parent":0,"menu_order":0,"comment_status":"closed","ping_status":"closed","template":"","meta":{"footnotes":""},"class_list":["post-1956","page","type-page","status-publish","hentry"],"_links":{"self":[{"href":"https:\/\/rockwellsurfaces.com\/ca\/wp-json\/wp\/v2\/pages\/1956","targetHints":{"allow":["GET"]}}],"collection":[{"href":"https:\/\/rockwellsurfaces.com\/ca\/wp-json\/wp\/v2\/pages"}],"about":[{"href":"https:\/\/rockwellsurfaces.com\/ca\/wp-json\/wp\/v2\/types\/page"}],"author":[{"embeddable":true,"href":"https:\/\/rockwellsurfaces.com\/ca\/wp-json\/wp\/v2\/users\/4"}],"replies":[{"embeddable":true,"href":"https:\/\/rockwellsurfaces.com\/ca\/wp-json\/wp\/v2\/comments?post=1956"}],"version-history":[{"count":4,"href":"https:\/\/rockwellsurfaces.com\/ca\/wp-json\/wp\/v2\/pages\/1956\/revisions"}],"predecessor-version":[{"id":1988,"href":"https:\/\/rockwellsurfaces.com\/ca\/wp-json\/wp\/v2\/pages\/1956\/revisions\/1988"}],"wp:attachment":[{"href":"https:\/\/rockwellsurfaces.com\/ca\/wp-json\/wp\/v2\/media?parent=1956"}],"curies":[{"name":"wp","href":"https:\/\/api.w.org\/{rel}","templated":true}]}}