{"id":1954,"date":"2018-06-11T07:47:10","date_gmt":"2018-06-11T07:47:10","guid":{"rendered":"https:\/\/rockwellsurfaces.com\/politica-de-privacitat\/"},"modified":"2018-07-17T10:34:35","modified_gmt":"2018-07-17T10:34:35","slug":"privacy-policy","status":"publish","type":"page","link":"https:\/\/rockwellsurfaces.com\/en\/privacy-policy\/","title":{"rendered":"Privacy Policy"},"content":{"rendered":"<div class=\"fusion-fullwidth fullwidth-box nonhundred-percent-fullwidth non-hundred-percent-height-scrolling\"  style='background-color: rgba(255,255,255,0);background-position: center center;background-repeat: no-repeat;padding-top:0px;padding-right:0px;padding-bottom:0px;padding-left:0px;'><div class=\"fusion-builder-row fusion-row \"><div  class=\"fusion-layout-column fusion_builder_column fusion_builder_column_1_1  fusion-one-full fusion-column-first fusion-column-last 1_1\"  style='margin-top:0px;margin-bottom:0px;'>\n\t\t\t\t\t<div class=\"fusion-column-wrapper\" style=\"padding: 0px 0px 0px 0px;background-position:left top;background-repeat:no-repeat;-webkit-background-size:cover;-moz-background-size:cover;-o-background-size:cover;background-size:cover;\"  data-bg-url=\"\">\n\t\t\t\t\t\t<div class=\"fusion-text\"><p><strong>Privacy and data protection policy<\/strong><\/p>\n<p>In accordance with the current Regulation (EU) 2016\/679, we inform that the personal data of the Users of the website will be treated to send them GENERAL INFORMATION of our company, and associated companies, and address and channel their possible requests. Said treatment of your data will be covered in your own consent. By clicking on the &#8220;SEND&#8221; button, the User consents to the processing of their data by the company.<\/p>\n<p>Also, we inform you that, except legal obligation or express consent on your part, we will not pass your data to third parties.<\/p>\n<p>Likewise, the User is informed that at any time they may exercise the rights of access, rectification or deletion of data, as well as having other rights recognized in the Legal Notice and regulated in Regulation (EU) 2016\/679, notifying it to:<\/p>\n<p>ROCKWELL SURFACES<br \/>\nRegistered office is at: Calle Circumval\u00b7laci\u00f3 Baixa, 72. 08290 &#8211; Cerdanyola del Vall\u00e9s. Barcelona (Espa\u00f1a)<br \/>\nTel: +34 93 784 63 47<br \/>\nEmail: info@rockwellsurfaces.com<\/p>\n<\/div><div class=\"fusion-clearfix\"><\/div>\n\n\t\t\t\t\t<\/div>\n\t\t\t\t<\/div><\/div><\/div>\n","protected":false},"excerpt":{"rendered":"","protected":false},"author":4,"featured_media":0,"parent":0,"menu_order":0,"comment_status":"closed","ping_status":"closed","template":"","meta":{"footnotes":""},"class_list":["post-1954","page","type-page","status-publish","hentry"],"_links":{"self":[{"href":"https:\/\/rockwellsurfaces.com\/en\/wp-json\/wp\/v2\/pages\/1954","targetHints":{"allow":["GET"]}}],"collection":[{"href":"https:\/\/rockwellsurfaces.com\/en\/wp-json\/wp\/v2\/pages"}],"about":[{"href":"https:\/\/rockwellsurfaces.com\/en\/wp-json\/wp\/v2\/types\/page"}],"author":[{"embeddable":true,"href":"https:\/\/rockwellsurfaces.com\/en\/wp-json\/wp\/v2\/users\/4"}],"replies":[{"embeddable":true,"href":"https:\/\/rockwellsurfaces.com\/en\/wp-json\/wp\/v2\/comments?post=1954"}],"version-history":[{"count":7,"href":"https:\/\/rockwellsurfaces.com\/en\/wp-json\/wp\/v2\/pages\/1954\/revisions"}],"predecessor-version":[{"id":1989,"href":"https:\/\/rockwellsurfaces.com\/en\/wp-json\/wp\/v2\/pages\/1954\/revisions\/1989"}],"wp:attachment":[{"href":"https:\/\/rockwellsurfaces.com\/en\/wp-json\/wp\/v2\/media?parent=1954"}],"curies":[{"name":"wp","href":"https:\/\/api.w.org\/{rel}","templated":true}]}}